{"id":95,"date":"2021-01-14T09:55:34","date_gmt":"2021-01-14T09:55:34","guid":{"rendered":"https:\/\/interfaceinagh.com\/ga\/ga\/?page_id=95"},"modified":"2025-09-09T10:06:25","modified_gmt":"2025-09-09T10:06:25","slug":"cunamh-taca","status":"publish","type":"page","link":"https:\/\/interfaceinagh.com\/ga\/cunamh-taca\/","title":{"rendered":"C\u00fanamh Taca"},"content":{"rendered":"\n\n\t<h1><strong>C\u00fanamh Taca<\/strong><\/h1>\n<ul>\n<li>Is eagra\u00edocht neamhbhrab\u00fais Interface Inagh CLG agus t\u00e1thar faoi l\u00e1thair ag cur isteach ar st\u00e1das carthanais. T\u00e1thar an-bhu\u00edoch as an gc\u00fanamh a thugann t\u00fa ionas gur f\u00e9idir linn deiseanna s\u00e1raitheacha a chur ar f\u00e1il d&#8217;eala\u00edont\u00f3ir\u00ed cuairte agus do chomhalta\u00ed. Cuid\u00edonn t\u00fa leis an mbearta\u00edocht tr\u00ed bheith i do chomhalta, i do chomhalta fobhallra\u00edochta, i do chara n\u00f3 i do ph\u00e1tr\u00fan, tr\u00ed urra\u00edocht a chur ar f\u00e1il d&#8217;eala\u00edont\u00f3ir c\u00f3naitheach faoi leith, n\u00f3 tr\u00ed r\u00e9imse roghanna p\u00e1tr\u00fanachta eile. Nasc chuig deiseanna p\u00e1irt a ghlacadh sa bhearta\u00edocht\u00a0<a href=\"https:\/\/interfaceinagh.com\/wp-content\/uploads\/2024\/09\/Opportunities-for-You-to-Get-Involved_1.pdf\">anseo<\/a>. Nasc chuig deiseanna comhaltachta\u00a0<a href=\"http:\/\/interfaceinagh.com\/apply\/membership\/\">anseo.\u00a0<\/a>Is f\u00e9idir scr\u00edobh chuig Alannah ag\u00a0<a href=\"mailto:interfaceinagh@gmail.com\">interfaceinagh@gmail.com<\/a>\u00a0maidir le tuilleadh eolais.<\/li>\n<li>T\u00e1thar an-bhu\u00edoch den Roinn Cult\u00fair, Oidhreachta agus Gaeltachta agus de LEADER as an gc\u00fanamh taca maidir le hinfheist\u00edocht chaipitil ar mhaithe le hobair athch\u00f3iri\u00fach\u00e1in ar an sp\u00e1s sti\u00faideo agus le pain\u00e9il ghr\u00e9ine PV a cheannach agus a fheisti\u00fa a chuirfidh le gn\u00e9ithe inmharthanachta na heagra\u00edochta.<\/li>\n<\/ul>\n<h1><strong>Sp\u00e1sanna nua Sti\u00faideo a Fhorbairt<\/strong><\/h1>\n<ul>\n<li>Is bre\u00e1 linn a bheith ag obair ar aonaid nua sti\u00faideonna c\u00f3naithe a fhorbairt le comhlacht ailtir\u00ed\u00a0<a href=\"https:\/\/sha.ie\/\">Se\u00e1n Harrington<\/a>\u00a0a bhfuil gradaim bronnta ar shaothair d\u00e1 gcuid. Cuirfidh sin go m\u00f3r len\u00e1r gcumas feidhmi\u00fa agus ar chumas eala\u00edont\u00f3ir\u00ed fanacht ar an l\u00e1thair f\u00e9in ionas nach mb\u00edonn oiread g\u00e1 le carranna a \u00fas\u00e1id. Tugtar c\u00fapla seat sc\u00e1ile\u00e1in anseo s\u00edos ach is f\u00e9idir na pleananna r\u00e9amhoibre a fheice\u00e1il\u00a0<a href=\"https:\/\/interfaceinagh.com\/wp-content\/uploads\/2023\/06\/221017_Final-presentation-II.pdf\">anseo<\/a>. T\u00e1thar ag tos\u00fa anois i samhradh na bliana 2023 ag cruinni\u00fa\u00a0an \u20ac500,000 a theast\u00f3idh leis an togra seo a thabhairt i gcr\u00edch.\u00a0 Ba bhre\u00e1 linn sc\u00e9al a fh\u00e1il uait m\u00e1 t\u00e1 smaointe ar bith agat n\u00f3\u00a0d\u00e1 mba mhaith leat oibri\u00fa\u00a0i gcomhar linn ar an togra forbartha seo.<\/li>\n<\/ul>\n<div id='gallery-1' class='gallery galleryid-95 gallery-columns-4 gallery-size-thumbnail'><figure class='gallery-item'>\n\t\t\t<div class='gallery-icon landscape'>\n\t\t\t\t<a href='https:\/\/interfaceinagh.com\/ga\/cunamh-taca\/attachment\/s5-2\/'><img loading=\"lazy\" decoding=\"async\" width=\"400\" height=\"400\" src=\"https:\/\/interfaceinagh.com\/ga\/wp-content\/uploads\/2023\/06\/S5-1-400x400.png\" class=\"attachment-thumbnail size-thumbnail\" alt=\"\" srcset=\"https:\/\/interfaceinagh.com\/ga\/wp-content\/uploads\/2023\/06\/S5-1-400x400.png 400w, https:\/\/interfaceinagh.com\/ga\/wp-content\/uploads\/2023\/06\/S5-1-600x600.png 600w, https:\/\/interfaceinagh.com\/ga\/wp-content\/uploads\/2023\/06\/S5-1-100x100.png 100w\" sizes=\"auto, (max-width: 400px) 100vw, 400px\" \/><\/a>\n\t\t\t<\/div><\/figure><figure class='gallery-item'>\n\t\t\t<div class='gallery-icon landscape'>\n\t\t\t\t<a href='https:\/\/interfaceinagh.com\/ga\/cunamh-taca\/attachment\/overview1\/'><img loading=\"lazy\" decoding=\"async\" width=\"400\" height=\"400\" src=\"https:\/\/interfaceinagh.com\/ga\/wp-content\/uploads\/2023\/06\/Overview1-400x400.png\" class=\"attachment-thumbnail size-thumbnail\" alt=\"\" srcset=\"https:\/\/interfaceinagh.com\/ga\/wp-content\/uploads\/2023\/06\/Overview1-400x400.png 400w, https:\/\/interfaceinagh.com\/ga\/wp-content\/uploads\/2023\/06\/Overview1-600x600.png 600w, https:\/\/interfaceinagh.com\/ga\/wp-content\/uploads\/2023\/06\/Overview1-100x100.png 100w\" sizes=\"auto, (max-width: 400px) 100vw, 400px\" \/><\/a>\n\t\t\t<\/div><\/figure><figure class='gallery-item'>\n\t\t\t<div class='gallery-icon landscape'>\n\t\t\t\t<a href='https:\/\/interfaceinagh.com\/ga\/cunamh-taca\/attachment\/s6\/'><img loading=\"lazy\" decoding=\"async\" width=\"400\" height=\"400\" src=\"https:\/\/interfaceinagh.com\/ga\/wp-content\/uploads\/2023\/06\/S6-400x400.png\" class=\"attachment-thumbnail size-thumbnail\" alt=\"\" srcset=\"https:\/\/interfaceinagh.com\/ga\/wp-content\/uploads\/2023\/06\/S6-400x400.png 400w, https:\/\/interfaceinagh.com\/ga\/wp-content\/uploads\/2023\/06\/S6-600x600.png 600w, https:\/\/interfaceinagh.com\/ga\/wp-content\/uploads\/2023\/06\/S6-100x100.png 100w\" sizes=\"auto, (max-width: 400px) 100vw, 400px\" \/><\/a>\n\t\t\t<\/div><\/figure><figure class='gallery-item'>\n\t\t\t<div class='gallery-icon landscape'>\n\t\t\t\t<a href='https:\/\/interfaceinagh.com\/ga\/cunamh-taca\/attachment\/s7\/'><img loading=\"lazy\" decoding=\"async\" width=\"400\" height=\"400\" src=\"https:\/\/interfaceinagh.com\/ga\/wp-content\/uploads\/2023\/06\/S7-400x400.png\" class=\"attachment-thumbnail size-thumbnail\" alt=\"\" srcset=\"https:\/\/interfaceinagh.com\/ga\/wp-content\/uploads\/2023\/06\/S7-400x400.png 400w, https:\/\/interfaceinagh.com\/ga\/wp-content\/uploads\/2023\/06\/S7-600x600.png 600w, https:\/\/interfaceinagh.com\/ga\/wp-content\/uploads\/2023\/06\/S7-100x100.png 100w\" sizes=\"auto, (max-width: 400px) 100vw, 400px\" \/><\/a>\n\t\t\t<\/div><\/figure>\n\t\t<\/div>\n\n<p>&nbsp;<\/p>\n\n","protected":false},"excerpt":{"rendered":"<p>C&uacute;namh Taca Is eagra&iacute;ocht neamhbhrab&uacute;is Interface Inagh CLG agus t&aacute;thar faoi l&aacute;thair ag cur isteach ar st&aacute;das carthanais. T&aacute;thar an-bhu&iacute;och as an gc&uacute;namh a thugann t&uacute; ionas gur f&eacute;idir linn deiseanna s&aacute;raitheacha a chur ar f&aacute;il d&rsquo;eala&iacute;ont&oacute;ir&iacute; cuairte agus do chomhalta&iacute;. Cuid&iacute;onn t&uacute; leis an mbearta&iacute;ocht tr&iacute; bheith i do chomhalta, i do chomhalta fobhallra&iacute;ochta, [&hellip;]<\/p>\n","protected":false},"author":1,"featured_media":0,"parent":0,"menu_order":0,"comment_status":"closed","ping_status":"closed","template":"","meta":{"ocean_post_layout":"","ocean_both_sidebars_style":"","ocean_both_sidebars_content_width":0,"ocean_both_sidebars_sidebars_width":0,"ocean_sidebar":"0","ocean_second_sidebar":"0","ocean_disable_margins":"enable","ocean_add_body_class":"","ocean_shortcode_before_top_bar":"","ocean_shortcode_after_top_bar":"","ocean_shortcode_before_header":"","ocean_shortcode_after_header":"","ocean_has_shortcode":"","ocean_shortcode_after_title":"","ocean_shortcode_before_footer_widgets":"","ocean_shortcode_after_footer_widgets":"","ocean_shortcode_before_footer_bottom":"","ocean_shortcode_after_footer_bottom":"","ocean_display_top_bar":"default","ocean_display_header":"default","ocean_header_style":"","ocean_center_header_left_menu":"0","ocean_custom_header_template":"0","ocean_custom_logo":0,"ocean_custom_retina_logo":0,"ocean_custom_logo_max_width":0,"ocean_custom_logo_tablet_max_width":0,"ocean_custom_logo_mobile_max_width":0,"ocean_custom_logo_max_height":0,"ocean_custom_logo_tablet_max_height":0,"ocean_custom_logo_mobile_max_height":0,"ocean_header_custom_menu":"0","ocean_menu_typo_font_family":"0","ocean_menu_typo_font_subset":"","ocean_menu_typo_font_size":0,"ocean_menu_typo_font_size_tablet":0,"ocean_menu_typo_font_size_mobile":0,"ocean_menu_typo_font_size_unit":"px","ocean_menu_typo_font_weight":"","ocean_menu_typo_font_weight_tablet":"","ocean_menu_typo_font_weight_mobile":"","ocean_menu_typo_transform":"","ocean_menu_typo_transform_tablet":"","ocean_menu_typo_transform_mobile":"","ocean_menu_typo_line_height":0,"ocean_menu_typo_line_height_tablet":0,"ocean_menu_typo_line_height_mobile":0,"ocean_menu_typo_line_height_unit":"","ocean_menu_typo_spacing":0,"ocean_menu_typo_spacing_tablet":0,"ocean_menu_typo_spacing_mobile":0,"ocean_menu_typo_spacing_unit":"","ocean_menu_link_color":"","ocean_menu_link_color_hover":"","ocean_menu_link_color_active":"","ocean_menu_link_background":"","ocean_menu_link_hover_background":"","ocean_menu_link_active_background":"","ocean_menu_social_links_bg":"","ocean_menu_social_hover_links_bg":"","ocean_menu_social_links_color":"","ocean_menu_social_hover_links_color":"","ocean_disable_title":"default","ocean_disable_heading":"default","ocean_post_title":"","ocean_post_subheading":"","ocean_post_title_style":"","ocean_post_title_background_color":"","ocean_post_title_background":0,"ocean_post_title_bg_image_position":"","ocean_post_title_bg_image_attachment":"","ocean_post_title_bg_image_repeat":"","ocean_post_title_bg_image_size":"","ocean_post_title_height":0,"ocean_post_title_bg_overlay":0.5,"ocean_post_title_bg_overlay_color":"","ocean_disable_breadcrumbs":"default","ocean_breadcrumbs_color":"","ocean_breadcrumbs_separator_color":"","ocean_breadcrumbs_links_color":"","ocean_breadcrumbs_links_hover_color":"","ocean_display_footer_widgets":"default","ocean_display_footer_bottom":"default","ocean_custom_footer_template":"0","footnotes":""},"class_list":["post-95","page","type-page","status-publish","hentry","entry"],"_links":{"self":[{"href":"https:\/\/interfaceinagh.com\/ga\/wp-json\/wp\/v2\/pages\/95","targetHints":{"allow":["GET"]}}],"collection":[{"href":"https:\/\/interfaceinagh.com\/ga\/wp-json\/wp\/v2\/pages"}],"about":[{"href":"https:\/\/interfaceinagh.com\/ga\/wp-json\/wp\/v2\/types\/page"}],"author":[{"embeddable":true,"href":"https:\/\/interfaceinagh.com\/ga\/wp-json\/wp\/v2\/users\/1"}],"replies":[{"embeddable":true,"href":"https:\/\/interfaceinagh.com\/ga\/wp-json\/wp\/v2\/comments?post=95"}],"version-history":[{"count":5,"href":"https:\/\/interfaceinagh.com\/ga\/wp-json\/wp\/v2\/pages\/95\/revisions"}],"predecessor-version":[{"id":5283,"href":"https:\/\/interfaceinagh.com\/ga\/wp-json\/wp\/v2\/pages\/95\/revisions\/5283"}],"wp:attachment":[{"href":"https:\/\/interfaceinagh.com\/ga\/wp-json\/wp\/v2\/media?parent=95"}],"curies":[{"name":"wp","href":"https:\/\/api.w.org\/{rel}","templated":true}]}}