{"id":8,"date":"2021-01-13T12:08:24","date_gmt":"2021-01-13T12:08:24","guid":{"rendered":"https:\/\/interfaceinagh.com\/ga\/ga\/?page_id=8"},"modified":"2025-09-17T20:05:48","modified_gmt":"2025-09-17T20:05:48","slug":"baile","status":"publish","type":"page","link":"https:\/\/interfaceinagh.com\/ga\/","title":{"rendered":"Baile"},"content":{"rendered":"\r\n<p><img loading=\"lazy\" decoding=\"async\" title=\"box-2\" src=\"https:\/\/interfaceinagh.com\/ga\/wp-content\/uploads\/2021\/01\/box-2-1.jpg\" alt=\"box-2\" width=\"500\" height=\"500\" \/> <img loading=\"lazy\" decoding=\"async\" title=\"DSC07118-square\" src=\"https:\/\/interfaceinagh.com\/ga\/wp-content\/uploads\/2021\/01\/DSC07118-square.jpg\" alt=\"DSC07118-square\" width=\"500\" height=\"500\" \/> <img loading=\"lazy\" decoding=\"async\" title=\"InterfaceInagh_012-square\" src=\"https:\/\/interfaceinagh.com\/ga\/wp-content\/uploads\/2021\/01\/InterfaceInagh_012-square.jpg\" alt=\"InterfaceInagh_012-square\" width=\"500\" height=\"500\" \/> <a href=\"https:\/\/interfaceinagh.com\/category\/members\/\" target=\"_self\"> Comhalta (EN) <\/a> <a href=\"https:\/\/interfaceinagh.com\/artists-in-residence\/\" target=\"_self\"> Eala\u00edont\u00f3ir\u00ed C\u00f3naithe (EN) <\/a> <a href=\"https:\/\/interfaceinagh.com\/ga\/faoi\/trealamh-spas-ar-cios\/\" target=\"_self\"> Trealamh &amp; Sp\u00e1s ar C\u00edos <\/a> <a href=\"https:\/\/interfaceinagh.com\/news-bookings\/\" target=\"_self\"> NUACHT &amp; \u00c1IRITHINT\u00cd (EN) <\/a> <a href=\"https:\/\/interfaceinagh.com\/shop\/\" target=\"_self\"> SIOPA (EN) <\/a> <img loading=\"lazy\" decoding=\"async\" title=\"Tanks\" src=\"https:\/\/interfaceinagh.com\/ga\/wp-content\/uploads\/2021\/01\/DSC01315.1-e1611139898544.jpg\" alt=\"Tanks\" width=\"2000\" height=\"675\" \/> <a href=\"https:\/\/interfaceinagh.com\/product\/membership\/\" target=\"_self\"> CUIR IARRATAS AR COMHALTACHT (EN) <\/a> <a href=\"https:\/\/interfaceinagh.com\/ga\/iarratas\/treimhse-chonaitheachta\/\" target=\"_self\"> Cuir Iarratas ar Tr\u00e9imhse Ch\u00f3naitheachta <\/a> <a href=\"https:\/\/interfaceinagh.com\/ga\/faoi\/trealamh-spas-ar-cios\/\" target=\"_self\"> Trealamh &amp; Sp\u00e1s ar C\u00edos <\/a><\/p>\r\n","protected":false},"excerpt":{"rendered":"<p>Comhalta (EN) Eala&iacute;ont&oacute;ir&iacute; C&oacute;naithe (EN) Trealamh &amp; Sp&aacute;s ar C&iacute;os NUACHT &amp; &Aacute;IRITHINT&Iacute; (EN) SIOPA (EN) CUIR IARRATAS AR COMHALTACHT (EN) Cuir Iarratas ar Tr&eacute;imhse Ch&oacute;naitheachta Trealamh &amp; Sp&aacute;s ar C&iacute;os<\/p>\n","protected":false},"author":1,"featured_media":0,"parent":0,"menu_order":0,"comment_status":"closed","ping_status":"closed","template":"","meta":{"ocean_post_layout":"","ocean_both_sidebars_style":"","ocean_both_sidebars_content_width":0,"ocean_both_sidebars_sidebars_width":0,"ocean_sidebar":"0","ocean_second_sidebar":"0","ocean_disable_margins":"enable","ocean_add_body_class":"","ocean_shortcode_before_top_bar":"","ocean_shortcode_after_top_bar":"","ocean_shortcode_before_header":"","ocean_shortcode_after_header":"","ocean_has_shortcode":"","ocean_shortcode_after_title":"","ocean_shortcode_before_footer_widgets":"","ocean_shortcode_after_footer_widgets":"","ocean_shortcode_before_footer_bottom":"","ocean_shortcode_after_footer_bottom":"","ocean_display_top_bar":"default","ocean_display_header":"default","ocean_header_style":"","ocean_center_header_left_menu":"0","ocean_custom_header_template":"0","ocean_custom_logo":0,"ocean_custom_retina_logo":0,"ocean_custom_logo_max_width":0,"ocean_custom_logo_tablet_max_width":0,"ocean_custom_logo_mobile_max_width":0,"ocean_custom_logo_max_height":0,"ocean_custom_logo_tablet_max_height":0,"ocean_custom_logo_mobile_max_height":0,"ocean_header_custom_menu":"0","ocean_menu_typo_font_family":"0","ocean_menu_typo_font_subset":"","ocean_menu_typo_font_size":0,"ocean_menu_typo_font_size_tablet":0,"ocean_menu_typo_font_size_mobile":0,"ocean_menu_typo_font_size_unit":"px","ocean_menu_typo_font_weight":"","ocean_menu_typo_font_weight_tablet":"","ocean_menu_typo_font_weight_mobile":"","ocean_menu_typo_transform":"","ocean_menu_typo_transform_tablet":"","ocean_menu_typo_transform_mobile":"","ocean_menu_typo_line_height":0,"ocean_menu_typo_line_height_tablet":0,"ocean_menu_typo_line_height_mobile":0,"ocean_menu_typo_line_height_unit":"","ocean_menu_typo_spacing":0,"ocean_menu_typo_spacing_tablet":0,"ocean_menu_typo_spacing_mobile":0,"ocean_menu_typo_spacing_unit":"","ocean_menu_link_color":"","ocean_menu_link_color_hover":"","ocean_menu_link_color_active":"","ocean_menu_link_background":"","ocean_menu_link_hover_background":"","ocean_menu_link_active_background":"","ocean_menu_social_links_bg":"","ocean_menu_social_hover_links_bg":"","ocean_menu_social_links_color":"","ocean_menu_social_hover_links_color":"","ocean_disable_title":"default","ocean_disable_heading":"on","ocean_post_title":"","ocean_post_subheading":"","ocean_post_title_style":"background-image","ocean_post_title_background_color":"","ocean_post_title_background":61,"ocean_post_title_bg_image_position":"","ocean_post_title_bg_image_attachment":"","ocean_post_title_bg_image_repeat":"","ocean_post_title_bg_image_size":"cover","ocean_post_title_height":1100,"ocean_post_title_bg_overlay":0.5,"ocean_post_title_bg_overlay_color":"","ocean_disable_breadcrumbs":"default","ocean_breadcrumbs_color":"","ocean_breadcrumbs_separator_color":"","ocean_breadcrumbs_links_color":"","ocean_breadcrumbs_links_hover_color":"","ocean_display_footer_widgets":"default","ocean_display_footer_bottom":"default","ocean_custom_footer_template":"0","footnotes":""},"class_list":["post-8","page","type-page","status-publish","hentry","entry"],"_links":{"self":[{"href":"https:\/\/interfaceinagh.com\/ga\/wp-json\/wp\/v2\/pages\/8","targetHints":{"allow":["GET"]}}],"collection":[{"href":"https:\/\/interfaceinagh.com\/ga\/wp-json\/wp\/v2\/pages"}],"about":[{"href":"https:\/\/interfaceinagh.com\/ga\/wp-json\/wp\/v2\/types\/page"}],"author":[{"embeddable":true,"href":"https:\/\/interfaceinagh.com\/ga\/wp-json\/wp\/v2\/users\/1"}],"replies":[{"embeddable":true,"href":"https:\/\/interfaceinagh.com\/ga\/wp-json\/wp\/v2\/comments?post=8"}],"version-history":[{"count":5,"href":"https:\/\/interfaceinagh.com\/ga\/wp-json\/wp\/v2\/pages\/8\/revisions"}],"predecessor-version":[{"id":5367,"href":"https:\/\/interfaceinagh.com\/ga\/wp-json\/wp\/v2\/pages\/8\/revisions\/5367"}],"wp:attachment":[{"href":"https:\/\/interfaceinagh.com\/ga\/wp-json\/wp\/v2\/media?parent=8"}],"curies":[{"name":"wp","href":"https:\/\/api.w.org\/{rel}","templated":true}]}}