{"id":5234,"date":"2025-09-09T08:39:16","date_gmt":"2025-09-09T08:39:16","guid":{"rendered":"https:\/\/interfaceinagh.com\/ga\/?page_id=5234"},"modified":"2026-04-17T15:23:05","modified_gmt":"2026-04-17T15:23:05","slug":"eiceolaiocht-mhuiri","status":"publish","type":"page","link":"https:\/\/interfaceinagh.com\/ga\/ealain-eiceolaiocht\/eiceolaiocht-mhuiri\/","title":{"rendered":"\u00c9iceola\u00edocht Mhuir\u00ed"},"content":{"rendered":"\n<h2>\n\t\t\t\u00c9iceola\u00edocht Mhuir\u00ed\t<\/h2>\n\t<p>T\u00e1 meitheal curtha le ch\u00e9ile ag Interface i rith na bliana 2025 le c\u00edoradh a dh\u00e9anamh ar ghn\u00e9ithe casta de thionchar na tionscla\u00edochta, de r\u00e9ir mar a thugtar sin i gceist le c\u00farsa\u00ed muir\u00ed, ar an timpeallacht. Tionscna\u00edodh an togra seo mar gheall ar ghairm scoile \u00f3 IMMA Earth Rising agus d\u00e9anfar \u00e9 a fhorbairt d&#8217;fhonn cur i l\u00e1thair a dh\u00e9anamh ag an bhf\u00e9ile i m\u00ed Me\u00e1n F\u00f3mhair 2025.<\/p>\n<p>Laney Mannion | Jane Cassidy | Marie Louise Heffernan<\/p>\n<p><em>I dtr\u00e1th na pr\u00e1inne, is ioma\u00ed duine a mhealltar i mbun pl\u00e9 le c\u00e1sanna anr\u00f3iteacha maidir le samhail den todhcha\u00ed a dh\u00e9anamh s\u00e1bh\u00e1ilte, teacht roimh n\u00ed at\u00e1 \u00e1 thuar, an t-am i l\u00e1thair agus an t-am a caitheadh a chur de leataobh ar mhaithe le saol samhalta na ngl\u00fanta at\u00e1 le theacht. N\u00ed\u00a0g\u00e1 ceangal den s\u00f3rt sin le tr\u00e1thanna a cheaptar a bheith i nd\u00e1n chun pl\u00e9 le ceisteanna anr\u00f3iteacha. Go deimhin, is \u00e9 is g\u00e1 coinne\u00e1il ag pl\u00e9 le c\u00e1s anr\u00f3iteach go bhfoghlaim\u00edtear leis an am i l\u00e1thair a thaith\u00ed\u00a0d\u00e1ir\u00edre, n\u00ed hionann agus a bheith ar maighdeog idir uaf\u00e1s n\u00f3 aoibhneas an r\u00e9 at\u00e1 caite agus tuar d\u00edothaithe n\u00f3 sl\u00e1naithe na linne at\u00e1 romhainn.<a name=\"_ftnref1\"><\/a><a href=\"https:\/\/interfaceinagh.com\/ecology\/#_ftn1\">[1]<\/a><\/em><\/p>\n<p>Is \u00e9 seo tr\u00e1th na cinni\u00fana maidir le h\u00c9irinn agus an fharraige. T\u00e1thar i mbun phr\u00f3iseas na plean\u00e1la faoi l\u00e1thair maidir leis an gc\u00e9ad ch\u00e9im den fhorbairt maidir le ginead\u00f3ireacht leictreachais \u00f3n ngaoth amach \u00f3n gc\u00f3sta, beart is ionann agus t\u00fas a chur le saothr\u00fa tionscla\u00edochta ar mh\u00f3rsc\u00e1la ar an bhfarraige. Feirm ghaoithe amh\u00e1in at\u00e1 beartaithe a chur ar Sceirde amach \u00f3 ch\u00f3sta Chonamara is \u00e1bhar don togra seo.<\/p>\n<p>T\u00e1 de chusp\u00f3ir leis sin foinse fuinnimh at\u00e1 glan sl\u00e1n a chur ar f\u00e1il a chuideoidh le 80% den leictreachas in \u00c9irinn a ghineadh \u00f3 fhoins\u00ed inathnuaite faoin mbliain 2030. Acmhainn 450 MW a bhainfidh leis an bhfeirm ghaoithe at\u00e1 beartaithe. T\u00e1 30 tuirb\u00edn i gceist, buaic na sciath\u00e1n imchasta 325 in airde, na sciath\u00e1in 292m ar leithead, na tuirb\u00edn\u00ed feistithe do ghrinneall na farraige in \u00e1iteanna 5km amach \u00f3 ch\u00f3sta Chonamara. Ar an bhfeirm ghaoithe a th\u00f3g\u00e1il, beidh d\u00f3thain fuinnimh ag l\u00edon is m\u00f3\u00a0n\u00e1 350,000 teach \u00e1 chur ar f\u00e1il agus asta\u00edocht CO2 \u00e1 sheachaint a bheadh cothrom le 180,000 carr peitril a bhaint de bh\u00f3ithre na h\u00c9ireann.<\/p>\n<p>Is den bhunriachtanas beart a dh\u00e9anamh i leith na haer\u00e1ide ach n\u00ed f\u00e9idir caillteanas bith\u00e9ags\u00falachta a bheith d\u00e1 thoradh. N\u00edl m\u00edneadas ar bith sa phl\u00e9 a dh\u00e9antar faoi l\u00e1thair, t\u00e1 gach a bhfuil de bhunt\u00e1iste againn \u00e1 \u00edobairt ar mhaithe le spriocanna aer\u00e1ide a sh\u00e1samh agus &#8216;&#8230;is \u00e9 at\u00e1 le d\u00e9anamh aighneas a tharraingt.&#8217;<\/p>\n<p>T\u00e1 c\u00e1s g\u00e9arch\u00e9ime i r\u00e9im cheana f\u00e9in maidir le gn\u00e1th\u00f3ga ar talamh, 84% d\u00edobh i gcaoi nach fabhrach &#8211; n\u00ed f\u00e9idir dul am\u00fa ar an gcuma ch\u00e9anna amach \u00f3n gc\u00f3sta. Is \u00ed farraige na h\u00c9ireann agus na h\u00e9in farraige an sm\u00e9ar mullaigh maidir le c\u00farsa\u00ed\u00a0bith\u00e9ags\u00falachta agus n\u00ed m\u00f3r a gcaomhn\u00fa\u00a0agus a gcosaint a bheith l\u00e1rnach maidir le haon strait\u00e9is forbra\u00edochta sa t\u00edr seo.<\/p>\n<figure itemscope itemtype=\"https:\/\/schema.org\/ImageObject\">\n\t\t\t\t<img decoding=\"async\" src=\"https:\/\/interfaceinagh.com\/ga\/wp-content\/uploads\/2026\/04\/20250809_143300_sm-400x400.jpg\" alt=\"20250809_143300_sm\" height=\"400\" width=\"400\" title=\"20250809_143300_sm\" onerror=\"this.style.display='none'\" loading=\"lazy\" \/>\n\t<\/figure>\n<figure itemscope itemtype=\"https:\/\/schema.org\/ImageObject\">\n\t\t\t\t<img decoding=\"async\" src=\"https:\/\/interfaceinagh.com\/ga\/wp-content\/uploads\/2026\/04\/20250528_161425_sm-400x400.jpg\" alt=\"20250528_161425_sm\" height=\"400\" width=\"400\" title=\"20250528_161425_sm\" onerror=\"this.style.display='none'\" loading=\"lazy\" \/>\n\t<\/figure>\n<figure itemscope itemtype=\"https:\/\/schema.org\/ImageObject\">\n\t\t\t\t<img decoding=\"async\" src=\"https:\/\/interfaceinagh.com\/ga\/wp-content\/uploads\/2026\/04\/Woodcut_Wordcut_LaneyMannion_BearingWitness_sm-400x400.jpg\" alt=\"Woodcut_Wordcut_LaneyMannion_BearingWitness_sm\" height=\"400\" width=\"400\" title=\"Woodcut_Wordcut_LaneyMannion_BearingWitness_sm\" onerror=\"this.style.display='none'\" loading=\"lazy\" \/>\n\t<\/figure>\n<figure itemscope itemtype=\"https:\/\/schema.org\/ImageObject\">\n\t\t\t\t<img decoding=\"async\" src=\"https:\/\/interfaceinagh.com\/ga\/wp-content\/uploads\/2026\/04\/BearingWitness_JaneCassidy_activated_sm-400x400.jpg\" alt=\"BearingWitness_JaneCassidy_activated_sm\" height=\"400\" width=\"400\" title=\"BearingWitness_JaneCassidy_activated_sm\" onerror=\"this.style.display='none'\" loading=\"lazy\" \/>\n\t<\/figure>\n<figure itemscope itemtype=\"https:\/\/schema.org\/ImageObject\">\n\t\t\t\t<img decoding=\"async\" src=\"https:\/\/interfaceinagh.com\/ga\/wp-content\/uploads\/2026\/04\/20250809_143256_sm-400x400.jpg\" alt=\"20250809_143256_sm\" height=\"400\" width=\"400\" title=\"20250809_143256_sm\" onerror=\"this.style.display='none'\" loading=\"lazy\" \/>\n\t<\/figure>\n<figure itemscope itemtype=\"https:\/\/schema.org\/ImageObject\">\n\t\t\t\t<img decoding=\"async\" src=\"https:\/\/interfaceinagh.com\/ga\/wp-content\/uploads\/2026\/04\/20250528_160741_sm-400x400.jpg\" alt=\"20250528_160741_sm\" height=\"400\" width=\"400\" title=\"20250528_160741_sm\" onerror=\"this.style.display='none'\" loading=\"lazy\" \/>\n\t<\/figure>\n<figure itemscope itemtype=\"https:\/\/schema.org\/ImageObject\">\n\t\t\t\t<img decoding=\"async\" src=\"https:\/\/interfaceinagh.com\/ga\/wp-content\/uploads\/2026\/04\/Laney_workshop_sm-400x400.jpg\" alt=\"Laney_workshop_sm\" height=\"400\" width=\"400\" title=\"Laney_workshop_sm\" onerror=\"this.style.display='none'\" loading=\"lazy\" \/>\n\t<\/figure>\n<figure itemscope itemtype=\"https:\/\/schema.org\/ImageObject\">\n\t\t\t\t<img decoding=\"async\" src=\"https:\/\/interfaceinagh.com\/ga\/wp-content\/uploads\/2026\/04\/HappyCampers_sm-400x400.jpg\" alt=\"HappyCampers_sm\" height=\"400\" width=\"400\" title=\"HappyCampers_sm\" onerror=\"this.style.display='none'\" loading=\"lazy\" \/>\n\t<\/figure>\n<figure itemscope itemtype=\"https:\/\/schema.org\/ImageObject\">\n\t\t\t\t<img decoding=\"async\" src=\"https:\/\/interfaceinagh.com\/ga\/wp-content\/uploads\/2026\/04\/20250809_152033_sm-400x400.jpg\" alt=\"20250809_152033_sm\" height=\"400\" width=\"400\" title=\"20250809_152033_sm\" onerror=\"this.style.display='none'\" loading=\"lazy\" \/>\n\t<\/figure>\n<figure itemscope itemtype=\"https:\/\/schema.org\/ImageObject\">\n\t\t\t\t<img decoding=\"async\" src=\"https:\/\/interfaceinagh.com\/ga\/wp-content\/uploads\/2026\/04\/20250528_123700_sm-400x400.jpg\" alt=\"20250528_123700_sm\" height=\"400\" width=\"400\" title=\"20250528_123700_sm\" onerror=\"this.style.display='none'\" loading=\"lazy\" \/>\n\t<\/figure>\n<figure itemscope itemtype=\"https:\/\/schema.org\/ImageObject\">\n\t\t\t\t<img decoding=\"async\" src=\"https:\/\/interfaceinagh.com\/ga\/wp-content\/uploads\/2026\/04\/Crowd_sm-400x400.jpg\" alt=\"Crowd_sm\" height=\"400\" width=\"400\" title=\"Crowd_sm\" onerror=\"this.style.display='none'\" loading=\"lazy\" \/>\n\t<\/figure>\n<figure itemscope itemtype=\"https:\/\/schema.org\/ImageObject\">\n\t\t\t\t<img decoding=\"async\" src=\"https:\/\/interfaceinagh.com\/ga\/wp-content\/uploads\/2026\/04\/TwentyDolphin_sm-400x400.jpg\" alt=\"TwentyDolphin_sm\" height=\"400\" width=\"400\" title=\"TwentyDolphin_sm\" onerror=\"this.style.display='none'\" loading=\"lazy\" \/>\n\t<\/figure>\n<figure itemscope itemtype=\"https:\/\/schema.org\/ImageObject\">\n\t\t\t\t<img decoding=\"async\" src=\"https:\/\/interfaceinagh.com\/ga\/wp-content\/uploads\/2026\/04\/20250809_152847_sm-400x400.jpg\" alt=\"20250809_152847_sm\" height=\"400\" width=\"400\" title=\"20250809_152847_sm\" onerror=\"this.style.display='none'\" loading=\"lazy\" \/>\n\t<\/figure>\n<figure itemscope itemtype=\"https:\/\/schema.org\/ImageObject\">\n\t\t\t\t<img decoding=\"async\" src=\"https:\/\/interfaceinagh.com\/ga\/wp-content\/uploads\/2026\/04\/20250528_124712_sm-400x400.jpg\" alt=\"20250528_124712_sm\" height=\"400\" width=\"400\" title=\"20250528_124712_sm\" onerror=\"this.style.display='none'\" loading=\"lazy\" \/>\n\t<\/figure>\n<figure itemscope itemtype=\"https:\/\/schema.org\/ImageObject\">\n\t\t\t\t<img decoding=\"async\" src=\"https:\/\/interfaceinagh.com\/ga\/wp-content\/uploads\/2026\/04\/BoardGame_InterfaceInaghGroup_BearingWitness_sm-400x400.jpg\" alt=\"BoardGame_InterfaceInaghGroup_BearingWitness_sm\" height=\"400\" width=\"400\" title=\"BoardGame_InterfaceInaghGroup_BearingWitness_sm\" onerror=\"this.style.display='none'\" loading=\"lazy\" \/>\n\t<\/figure>\n<figure itemscope itemtype=\"https:\/\/schema.org\/ImageObject\">\n\t\t\t\t<img decoding=\"async\" src=\"https:\/\/interfaceinagh.com\/ga\/wp-content\/uploads\/2026\/04\/StickyNarrative_LaneyMannion_BearingWitness_1_sm-400x400.jpg\" alt=\"StickyNarrative_LaneyMannion_BearingWitness_1_sm\" height=\"400\" width=\"400\" title=\"StickyNarrative_LaneyMannion_BearingWitness_1_sm\" onerror=\"this.style.display='none'\" loading=\"lazy\" \/>\n\t<\/figure>\n<figure itemscope itemtype=\"https:\/\/schema.org\/ImageObject\">\n\t\t\t\t<img decoding=\"async\" src=\"https:\/\/interfaceinagh.com\/ga\/wp-content\/uploads\/2026\/04\/20250809_121103_sm-400x400.jpg\" alt=\"20250809_121103_sm\" height=\"400\" width=\"400\" title=\"20250809_121103_sm\" onerror=\"this.style.display='none'\" loading=\"lazy\" \/>\n\t<\/figure>\n<figure itemscope itemtype=\"https:\/\/schema.org\/ImageObject\">\n\t\t\t\t<img decoding=\"async\" src=\"https:\/\/interfaceinagh.com\/ga\/wp-content\/uploads\/2026\/04\/20250416_131659_sm-400x400.jpg\" alt=\"20250416_131659_sm\" height=\"400\" width=\"400\" title=\"20250416_131659_sm\" onerror=\"this.style.display='none'\" loading=\"lazy\" \/>\n\t<\/figure>\n<figure itemscope itemtype=\"https:\/\/schema.org\/ImageObject\">\n\t\t\t\t<img decoding=\"async\" src=\"https:\/\/interfaceinagh.com\/ga\/wp-content\/uploads\/2026\/04\/StickyNarratives_LaneyMannion_BearingWitness_detail_sm-400x400.jpg\" alt=\"StickyNarratives_LaneyMannion_BearingWitness_detail_sm\" height=\"400\" width=\"400\" title=\"StickyNarratives_LaneyMannion_BearingWitness_detail_sm\" onerror=\"this.style.display='none'\" loading=\"lazy\" \/>\n\t<\/figure>\n<figure itemscope itemtype=\"https:\/\/schema.org\/ImageObject\">\n\t\t\t\t<img decoding=\"async\" src=\"https:\/\/interfaceinagh.com\/ga\/wp-content\/uploads\/2026\/04\/Lisa_boardgame_sm-400x400.jpg\" alt=\"Lisa_boardgame_sm\" height=\"400\" width=\"400\" title=\"Lisa_boardgame_sm\" onerror=\"this.style.display='none'\" loading=\"lazy\" \/>\n\t<\/figure>\n\t<p>xxx<\/p>\n\n","protected":false},"excerpt":{"rendered":"<p>&Eacute;iceola&iacute;ocht Mhuir&iacute; T&aacute; meitheal curtha le ch&eacute;ile ag Interface i rith na bliana 2025 le c&iacute;oradh a dh&eacute;anamh ar ghn&eacute;ithe casta de thionchar na tionscla&iacute;ochta, de r&eacute;ir mar a thugtar sin i gceist le c&uacute;rsa&iacute; muir&iacute;, ar an timpeallacht. Tionscna&iacute;odh an togra seo mar gheall ar ghairm scoile &oacute; IMMA Earth Rising agus d&eacute;anfar &eacute; [&hellip;]<\/p>\n","protected":false},"author":1,"featured_media":0,"parent":5260,"menu_order":0,"comment_status":"closed","ping_status":"closed","template":"","meta":{"ocean_post_layout":"","ocean_both_sidebars_style":"","ocean_both_sidebars_content_width":0,"ocean_both_sidebars_sidebars_width":0,"ocean_sidebar":"0","ocean_second_sidebar":"0","ocean_disable_margins":"enable","ocean_add_body_class":"","ocean_shortcode_before_top_bar":"","ocean_shortcode_after_top_bar":"","ocean_shortcode_before_header":"","ocean_shortcode_after_header":"","ocean_has_shortcode":"","ocean_shortcode_after_title":"","ocean_shortcode_before_footer_widgets":"","ocean_shortcode_after_footer_widgets":"","ocean_shortcode_before_footer_bottom":"","ocean_shortcode_after_footer_bottom":"","ocean_display_top_bar":"default","ocean_display_header":"default","ocean_header_style":"","ocean_center_header_left_menu":"0","ocean_custom_header_template":"0","ocean_custom_logo":0,"ocean_custom_retina_logo":0,"ocean_custom_logo_max_width":0,"ocean_custom_logo_tablet_max_width":0,"ocean_custom_logo_mobile_max_width":0,"ocean_custom_logo_max_height":0,"ocean_custom_logo_tablet_max_height":0,"ocean_custom_logo_mobile_max_height":0,"ocean_header_custom_menu":"0","ocean_menu_typo_font_family":"0","ocean_menu_typo_font_subset":"","ocean_menu_typo_font_size":0,"ocean_menu_typo_font_size_tablet":0,"ocean_menu_typo_font_size_mobile":0,"ocean_menu_typo_font_size_unit":"px","ocean_menu_typo_font_weight":"","ocean_menu_typo_font_weight_tablet":"","ocean_menu_typo_font_weight_mobile":"","ocean_menu_typo_transform":"","ocean_menu_typo_transform_tablet":"","ocean_menu_typo_transform_mobile":"","ocean_menu_typo_line_height":0,"ocean_menu_typo_line_height_tablet":0,"ocean_menu_typo_line_height_mobile":0,"ocean_menu_typo_line_height_unit":"","ocean_menu_typo_spacing":0,"ocean_menu_typo_spacing_tablet":0,"ocean_menu_typo_spacing_mobile":0,"ocean_menu_typo_spacing_unit":"","ocean_menu_link_color":"","ocean_menu_link_color_hover":"","ocean_menu_link_color_active":"","ocean_menu_link_background":"","ocean_menu_link_hover_background":"","ocean_menu_link_active_background":"","ocean_menu_social_links_bg":"","ocean_menu_social_hover_links_bg":"","ocean_menu_social_links_color":"","ocean_menu_social_hover_links_color":"","ocean_disable_title":"default","ocean_disable_heading":"default","ocean_post_title":"","ocean_post_subheading":"","ocean_post_title_style":"","ocean_post_title_background_color":"","ocean_post_title_background":0,"ocean_post_title_bg_image_position":"","ocean_post_title_bg_image_attachment":"","ocean_post_title_bg_image_repeat":"","ocean_post_title_bg_image_size":"","ocean_post_title_height":0,"ocean_post_title_bg_overlay":0.5,"ocean_post_title_bg_overlay_color":"","ocean_disable_breadcrumbs":"default","ocean_breadcrumbs_color":"","ocean_breadcrumbs_separator_color":"","ocean_breadcrumbs_links_color":"","ocean_breadcrumbs_links_hover_color":"","ocean_display_footer_widgets":"default","ocean_display_footer_bottom":"default","ocean_custom_footer_template":"0","footnotes":""},"class_list":["post-5234","page","type-page","status-publish","hentry","entry"],"_links":{"self":[{"href":"https:\/\/interfaceinagh.com\/ga\/wp-json\/wp\/v2\/pages\/5234","targetHints":{"allow":["GET"]}}],"collection":[{"href":"https:\/\/interfaceinagh.com\/ga\/wp-json\/wp\/v2\/pages"}],"about":[{"href":"https:\/\/interfaceinagh.com\/ga\/wp-json\/wp\/v2\/types\/page"}],"author":[{"embeddable":true,"href":"https:\/\/interfaceinagh.com\/ga\/wp-json\/wp\/v2\/users\/1"}],"replies":[{"embeddable":true,"href":"https:\/\/interfaceinagh.com\/ga\/wp-json\/wp\/v2\/comments?post=5234"}],"version-history":[{"count":5,"href":"https:\/\/interfaceinagh.com\/ga\/wp-json\/wp\/v2\/pages\/5234\/revisions"}],"predecessor-version":[{"id":5405,"href":"https:\/\/interfaceinagh.com\/ga\/wp-json\/wp\/v2\/pages\/5234\/revisions\/5405"}],"up":[{"embeddable":true,"href":"https:\/\/interfaceinagh.com\/ga\/wp-json\/wp\/v2\/pages\/5260"}],"wp:attachment":[{"href":"https:\/\/interfaceinagh.com\/ga\/wp-json\/wp\/v2\/media?parent=5234"}],"curies":[{"name":"wp","href":"https:\/\/api.w.org\/{rel}","templated":true}]}}