{"id":45,"date":"2021-01-13T13:43:53","date_gmt":"2021-01-13T13:43:53","guid":{"rendered":"https:\/\/interfaceinagh.com\/ga\/ga\/?page_id=45"},"modified":"2025-09-09T10:50:54","modified_gmt":"2025-09-09T10:50:54","slug":"treimhse-chonaitheachta","status":"publish","type":"page","link":"https:\/\/interfaceinagh.com\/ga\/iarratas\/treimhse-chonaitheachta\/","title":{"rendered":"Tr\u00e9imhse Ch\u00f3naitheachta"},"content":{"rendered":"\r\n<h1>Tr\u00e9imhse Ch\u00f3naitheachta<\/h1>\r\n<p>B\u00edonn f\u00e1ilte roimh iarratas \u00f3 eala\u00edont\u00f3ir\u00ed gan bheann ar n\u00e1isi\u00fantacht, cine, eitneacht, inscne n\u00e1 claonadh gn\u00e9is. Tugtar t\u00fas \u00e1ite do thogra\u00ed\u00a0lena gc\u00edortar r\u00e9ims\u00ed trasna\u00edola idir c\u00farsa\u00ed eola\u00edochta agus eala\u00edne n\u00f3 ar gn\u00e9ithe de thimpeallacht faoi leith an ionaid seo an t-\u00e1bhar spreagtha acu. B\u00edonn ioma\u00edocht gh\u00e9ar ag baint leis an gcl\u00e1r tr\u00e9imhs\u00ed c\u00f3naitheachta l\u00e1nmhaoinithe seo. M\u00e1 tharla\u00edonn nach f\u00e9idir glacadh leis an togra sin agatsa faoin gcl\u00e1r c\u00f3naitheachta, ba bhre\u00e1 linn d\u00e1 smaoineof\u00e1 ar chomhaltacht in Interface. T\u00e1 dream caoithi\u00fail comhalta\u00ed\u00a0\u00e1 gcur le ch\u00e9ile againn a bhfuil ar a gcumas taispe\u00e1ntais a l\u00e9iri\u00fa n\u00f3 tr\u00e9imhs\u00ed\u00a0c\u00f3naitheachta agus forbairt tionscadail a eagr\u00fa.<\/p>\r\n<p>Idir coic\u00eds agus ceithre seachtaine a bh\u00edonn sna tr\u00e9imhs\u00ed\u00a0c\u00f3naitheachta. Cuirtear sp\u00e1s sti\u00faideo agus l\u00f3ist\u00edn ar f\u00e1il don eala\u00edont\u00f3ir c\u00f3naitheach. T\u00e1 sorn breosla sholadaigh san \u00e1it ar mhaithe le teas agus t\u00e1 preas priont\u00e1la, teilgche\u00e1rta cr\u00e9-umha, airn\u00e9is adhmad\u00f3ireachta agus trealamh closamhairc ar f\u00e1il freisin. T\u00e1 tuilleadh eolais faoin trealamh ar f\u00e1il\u00a0<a href=\"https:\/\/interfaceinagh.com\/equipment-space-hire\/\">anseo<\/a>.<\/p>\r\n<p>T\u00e1 an sti\u00faideo 20-25km \u00f3 na roghanna \u00e9ags\u00fala l\u00f3ist\u00edn. An t-eala\u00edont\u00f3ir f\u00e9in at\u00e1 freagrach as taisteal go Conamara agus ar ais abhaile, as taisteal i gConamara agus as \u00e1bhar n\u00f3 saothar eala\u00edne a thabhairt abhaile. Is oth linn gur amhlaidh an c\u00e1s ach nuair nach mb\u00edonn iompar poibl\u00ed ar f\u00e1il go minic i gConamara agus \u00f3 t\u00e1 na b\u00f3ithre an-chont\u00fairteach, t\u00e1 bunriachtanas le cead\u00fanas tiom\u00e1na. Teast\u00f3idh \u00fas\u00e1id cairr le taisteal idir an sp\u00e1s sti\u00faideo agus an \u00e1it l\u00f3ist\u00edn, mar sin b&#8217;fh\u00e9idir gur g\u00e1 duit carr a fh\u00e1il ar c\u00edos. Idir 9-17 \u00f3 Luan go hAoine a bh\u00edonn cead isteach i bhfoirgneamh an sti\u00faideo agus is maith an rud do chuid oibre a phlean\u00e1il d\u00e1 r\u00e9ir sin. Is iond\u00fail go gcaitheann eala\u00edont\u00f3ir\u00ed an deireadh seachtaine le taighde agus ag cur eolas ar\u00a0an gceantar. R\u00e9igi\u00fan iarg\u00falta \u00e9 agus titeann go leor b\u00e1ist\u00ed ann. Is maith an rud sin a thabhairt san \u00e1ireamh freisin maidir le c\u00farsa\u00ed plean\u00e1la. N\u00edl an socr\u00fa c\u00f3naitheachta seo c\u00f3iri\u00fail do leana\u00ed.<\/p>\r\n<p>F\u00e9achtar le cuidi\u00fa leis na heala\u00edont\u00f3ir\u00ed\u00a0ar gach bealach inar f\u00e9idir sin agus cuirtear eala\u00edont\u00f3ir\u00ed in aithne do lucht eala\u00edne an cheantair tr\u00ed chruinnithe n\u00f3 cainteanna eala\u00edont\u00f3ra a eagr\u00fa.<\/p>\r\n<p>N\u00edl an socr\u00fa c\u00f3naitheachta seo c\u00f3iri\u00fail do leana\u00ed.<\/p>\r\n<p>D\u00e9antar iarratas ar thr\u00e9imhse c\u00f3naitheachta tr\u00ed chomhad pdf a sheoladh chuig an seoladh\u00a0<a href=\"mailto:interfaceinagh@gmail.com\">interfaceinagh@gmail.com<\/a>. Is ceart na nithe seo a leanas a bheith san \u00e1ireamh sa chomhad pdf:<\/p>\r\n<ul>\r\n<li>An togra maidir le do thr\u00e9imhse ch\u00f3naitheachta (uas. A4)<\/li>\r\n<li>CV<\/li>\r\n<li>R\u00e1iteas an Eala\u00edont\u00f3ra<\/li>\r\n<li>Ocht gcinn de shampla\u00ed, \u00edomh\u00e1nna n\u00f3\u00a0naisc,\u00a0de shaothair de do chuid le gairid.<\/li>\r\n<\/ul>\r\n<p>&nbsp;<\/p>\r\n<p>Gairm at\u00e1 Oscailte faoi l\u00e1thair:<\/p>\r\n<ul>\r\n<li>N\u00edl faoi l\u00e1thair.<\/li>\r\n<\/ul>\r\n<p>Luaitear le do thoil an tr\u00e9imhse ch\u00f3naitheachta a bhfuiltear ag cur isteach uirthi i l\u00edne an \u00e1bhair leis an teachtaireacht r\u00edomhphoist.<\/p>\r\n","protected":false},"excerpt":{"rendered":"<p>Tr&eacute;imhse Ch&oacute;naitheachta B&iacute;onn f&aacute;ilte roimh iarratas &oacute; eala&iacute;ont&oacute;ir&iacute; gan bheann ar n&aacute;isi&uacute;ntacht, cine, eitneacht, inscne n&aacute; claonadh gn&eacute;is. Tugtar t&uacute;s &aacute;ite do thogra&iacute;&nbsp;lena gc&iacute;ortar r&eacute;ims&iacute; trasna&iacute;ola idir c&uacute;rsa&iacute; eola&iacute;ochta agus eala&iacute;ne n&oacute; ar gn&eacute;ithe de thimpeallacht faoi leith an ionaid seo an t-&aacute;bhar spreagtha acu. B&iacute;onn ioma&iacute;ocht gh&eacute;ar ag baint leis an gcl&aacute;r tr&eacute;imhs&iacute; c&oacute;naitheachta [&hellip;]<\/p>\n","protected":false},"author":1,"featured_media":0,"parent":20,"menu_order":0,"comment_status":"closed","ping_status":"closed","template":"","meta":{"ocean_post_layout":"","ocean_both_sidebars_style":"","ocean_both_sidebars_content_width":0,"ocean_both_sidebars_sidebars_width":0,"ocean_sidebar":"0","ocean_second_sidebar":"0","ocean_disable_margins":"enable","ocean_add_body_class":"","ocean_shortcode_before_top_bar":"","ocean_shortcode_after_top_bar":"","ocean_shortcode_before_header":"","ocean_shortcode_after_header":"","ocean_has_shortcode":"","ocean_shortcode_after_title":"","ocean_shortcode_before_footer_widgets":"","ocean_shortcode_after_footer_widgets":"","ocean_shortcode_before_footer_bottom":"","ocean_shortcode_after_footer_bottom":"","ocean_display_top_bar":"default","ocean_display_header":"default","ocean_header_style":"","ocean_center_header_left_menu":"0","ocean_custom_header_template":"0","ocean_custom_logo":0,"ocean_custom_retina_logo":0,"ocean_custom_logo_max_width":0,"ocean_custom_logo_tablet_max_width":0,"ocean_custom_logo_mobile_max_width":0,"ocean_custom_logo_max_height":0,"ocean_custom_logo_tablet_max_height":0,"ocean_custom_logo_mobile_max_height":0,"ocean_header_custom_menu":"0","ocean_menu_typo_font_family":"0","ocean_menu_typo_font_subset":"","ocean_menu_typo_font_size":0,"ocean_menu_typo_font_size_tablet":0,"ocean_menu_typo_font_size_mobile":0,"ocean_menu_typo_font_size_unit":"px","ocean_menu_typo_font_weight":"","ocean_menu_typo_font_weight_tablet":"","ocean_menu_typo_font_weight_mobile":"","ocean_menu_typo_transform":"","ocean_menu_typo_transform_tablet":"","ocean_menu_typo_transform_mobile":"","ocean_menu_typo_line_height":0,"ocean_menu_typo_line_height_tablet":0,"ocean_menu_typo_line_height_mobile":0,"ocean_menu_typo_line_height_unit":"","ocean_menu_typo_spacing":0,"ocean_menu_typo_spacing_tablet":0,"ocean_menu_typo_spacing_mobile":0,"ocean_menu_typo_spacing_unit":"","ocean_menu_link_color":"","ocean_menu_link_color_hover":"","ocean_menu_link_color_active":"","ocean_menu_link_background":"","ocean_menu_link_hover_background":"","ocean_menu_link_active_background":"","ocean_menu_social_links_bg":"","ocean_menu_social_hover_links_bg":"","ocean_menu_social_links_color":"","ocean_menu_social_hover_links_color":"","ocean_disable_title":"default","ocean_disable_heading":"default","ocean_post_title":"","ocean_post_subheading":"","ocean_post_title_style":"","ocean_post_title_background_color":"","ocean_post_title_background":0,"ocean_post_title_bg_image_position":"","ocean_post_title_bg_image_attachment":"","ocean_post_title_bg_image_repeat":"","ocean_post_title_bg_image_size":"","ocean_post_title_height":0,"ocean_post_title_bg_overlay":0.5,"ocean_post_title_bg_overlay_color":"","ocean_disable_breadcrumbs":"default","ocean_breadcrumbs_color":"","ocean_breadcrumbs_separator_color":"","ocean_breadcrumbs_links_color":"","ocean_breadcrumbs_links_hover_color":"","ocean_display_footer_widgets":"default","ocean_display_footer_bottom":"default","ocean_custom_footer_template":"0","footnotes":""},"class_list":["post-45","page","type-page","status-publish","hentry","entry"],"_links":{"self":[{"href":"https:\/\/interfaceinagh.com\/ga\/wp-json\/wp\/v2\/pages\/45","targetHints":{"allow":["GET"]}}],"collection":[{"href":"https:\/\/interfaceinagh.com\/ga\/wp-json\/wp\/v2\/pages"}],"about":[{"href":"https:\/\/interfaceinagh.com\/ga\/wp-json\/wp\/v2\/types\/page"}],"author":[{"embeddable":true,"href":"https:\/\/interfaceinagh.com\/ga\/wp-json\/wp\/v2\/users\/1"}],"replies":[{"embeddable":true,"href":"https:\/\/interfaceinagh.com\/ga\/wp-json\/wp\/v2\/comments?post=45"}],"version-history":[{"count":5,"href":"https:\/\/interfaceinagh.com\/ga\/wp-json\/wp\/v2\/pages\/45\/revisions"}],"predecessor-version":[{"id":5300,"href":"https:\/\/interfaceinagh.com\/ga\/wp-json\/wp\/v2\/pages\/45\/revisions\/5300"}],"up":[{"embeddable":true,"href":"https:\/\/interfaceinagh.com\/ga\/wp-json\/wp\/v2\/pages\/20"}],"wp:attachment":[{"href":"https:\/\/interfaceinagh.com\/ga\/wp-json\/wp\/v2\/media?parent=45"}],"curies":[{"name":"wp","href":"https:\/\/api.w.org\/{rel}","templated":true}]}}