{"id":34,"date":"2021-01-13T13:35:14","date_gmt":"2021-01-13T13:35:14","guid":{"rendered":"https:\/\/interfaceinagh.com\/ga\/ga\/?page_id=34"},"modified":"2025-09-09T09:38:34","modified_gmt":"2025-09-09T09:38:34","slug":"an-stiuideo","status":"publish","type":"page","link":"https:\/\/interfaceinagh.com\/ga\/faoi\/an-stiuideo\/","title":{"rendered":"An Sti\u00faideo"},"content":{"rendered":"\r\n<h1>An Sti\u00faideo<\/h1>\r\n<p>T\u00e1 an sti\u00faideo suite i seanghorlann brad\u00e1n, san aon \u00e1itreabh le hIontaobhas Ghleann Eidhneach a chuireann tionscadail nu\u00e1la\u00edochta maidir le taighde eola\u00edochta chun cinn sa\u00a0<a href=\"https:\/\/www.google.ie\/maps\/place\/Lough+Inagh\/%4053.4701431,-9.7650356,519m\/data=%213m1%211e3%214m5%213m4%211s0x485a327f267117f9:0x8355ed0d49b9e21f%218m2%213d53.512475%214d-9.7395482\">Gleann Eidhneach<\/a>.<\/p>\r\n<p>B\u00edonn an sti\u00faideo ar f\u00e1il ag eala\u00edont\u00f3ir\u00ed c\u00f3naithe agus ag comhalta\u00ed Interface chomh maith lena bheith ar f\u00e1il ar c\u00edos ag eala\u00edont\u00f3ir\u00ed\u00a0n\u00f3 eagra\u00edochta\u00ed eile a dteasta\u00edonn sp\u00e1s maith fairsing oibre uathu. T\u00e1 sti\u00faideonna aonair 15 m2 ar f\u00e1il, sti\u00faideo comharoibre 90 m2, agus an seomra uibhe 194m2. T\u00e1 preas bre\u00e1 priont\u00e1la againn chomh maith at\u00e1 ar f\u00e1il le h\u00fas\u00e1id. T\u00e1 sp\u00e1s faoi leith amuigh faoin aer againn freisin agus roghanna iontacha ag baint leis maidir le saothar a bhaineann leis an l\u00e1thair go sonrach. Is f\u00e9idir tuilleadh eolais a fh\u00e1il faoi na r\u00e1ta\u00ed c\u00edosa maidir le sp\u00e1s agus trealamh\u00a0<a href=\"https:\/\/interfaceinagh.com\/equipment-space-hire\/\">anseo<\/a>.<\/p>\r\n<p>Tugann an\u00a0<a href=\"https:\/\/interfaceinagh.com\/apply\/residency\/\">cl\u00e1r c\u00f3naitheachta<\/a>\u00a0deis d&#8217;eala\u00edont\u00f3ir\u00ed\u00a0dul i ngleic le timpeallacht ar leith agus spreagadh a fh\u00e1il \u00f3n taighde sp\u00e9isi\u00fail at\u00e1 ar si\u00fal sa taobh t\u00edre sceirdi\u00fail seo. Tr\u00ed\u00a0<a href=\"https:\/\/interfaceinagh.com\/product\/membership\/\">chl\u00e1r comhaltachta<\/a>, t\u00e1 comhar eala\u00edont\u00f3ir\u00ed \u00e1 chruth\u00fa againn a fh\u00e9adann saothr\u00fa a gcuid oibre n\u00f3 forbairt a gcuid taispe\u00e1ntas a thabhairt i gcr\u00edch i sp\u00e1sanna d\u00e1r gcuid agus misneach a thabhairt d\u00e1 ch\u00e9ile le c\u00fanamh ar chomhch\u00e9im. Nuair is fearr a fheidhm\u00edonn c\u00farsa\u00ed, tarla\u00edonn trasna\u00edl idir an d\u00e1 chl\u00e1r ionas go gcrutha\u00edtear meitheal br\u00edomhar idirn\u00e1isi\u00fanta a bhfuil bonn tr\u00e9an daingean faoi go h\u00e1iti\u00fail i gConamara.<\/p>\r\n<p><a href=\"https:\/\/interfaceinagh.com\/ga\/wp-content\/uploads\/2021\/01\/DSC08760.jpg\" target=\"_self\"> <img loading=\"lazy\" decoding=\"async\" title=\"DSC08760\" src=\"https:\/\/interfaceinagh.com\/ga\/wp-content\/uploads\/2021\/01\/DSC08760.jpg\" alt=\"Shared Space\" width=\"1024\" height=\"683\" \/> <\/a> Shared Space <a href=\"https:\/\/interfaceinagh.com\/ga\/wp-content\/uploads\/2021\/01\/20180326_160142.jpg\" target=\"_self\"> <img loading=\"lazy\" decoding=\"async\" title=\"20180326_160142\" src=\"https:\/\/interfaceinagh.com\/ga\/wp-content\/uploads\/2021\/01\/20180326_160142.jpg\" alt=\"20180326_160142\" width=\"1024\" height=\"683\" \/> <\/a> <a href=\"https:\/\/interfaceinagh.com\/ga\/wp-content\/uploads\/2021\/01\/DSC08724.jpg\" target=\"_self\"> <img loading=\"lazy\" decoding=\"async\" title=\"DSC08724\" src=\"https:\/\/interfaceinagh.com\/ga\/wp-content\/uploads\/2021\/01\/DSC08724.jpg\" alt=\"Office\" width=\"1024\" height=\"683\" \/> <\/a> Office<\/p>\r\n<div id='gallery-1' class='gallery galleryid-34 gallery-columns-4 gallery-size-thumbnail'><figure class='gallery-item'>\n\t\t\t<div class='gallery-icon landscape'>\n\t\t\t\t<a href='https:\/\/interfaceinagh.com\/ga\/wp-content\/uploads\/2023\/02\/Overview.jpg'><img loading=\"lazy\" decoding=\"async\" width=\"400\" height=\"400\" src=\"https:\/\/interfaceinagh.com\/ga\/wp-content\/uploads\/2023\/02\/Overview-400x400.jpg\" class=\"attachment-thumbnail size-thumbnail\" alt=\"\" srcset=\"https:\/\/interfaceinagh.com\/ga\/wp-content\/uploads\/2023\/02\/Overview-400x400.jpg 400w, https:\/\/interfaceinagh.com\/ga\/wp-content\/uploads\/2023\/02\/Overview-600x600.jpg 600w, https:\/\/interfaceinagh.com\/ga\/wp-content\/uploads\/2023\/02\/Overview-100x100.jpg 100w\" sizes=\"auto, (max-width: 400px) 100vw, 400px\" \/><\/a>\n\t\t\t<\/div><\/figure><figure class='gallery-item'>\n\t\t\t<div class='gallery-icon landscape'>\n\t\t\t\t<a href='https:\/\/interfaceinagh.com\/ga\/wp-content\/uploads\/2021\/01\/Facility2.jpg'><img loading=\"lazy\" decoding=\"async\" width=\"400\" height=\"400\" src=\"https:\/\/interfaceinagh.com\/ga\/wp-content\/uploads\/2021\/01\/Facility2-400x400.jpg\" class=\"attachment-thumbnail size-thumbnail\" alt=\"\" srcset=\"https:\/\/interfaceinagh.com\/ga\/wp-content\/uploads\/2021\/01\/Facility2-400x400.jpg 400w, https:\/\/interfaceinagh.com\/ga\/wp-content\/uploads\/2021\/01\/Facility2-100x100.jpg 100w\" sizes=\"auto, (max-width: 400px) 100vw, 400px\" \/><\/a>\n\t\t\t<\/div><\/figure><figure class='gallery-item'>\n\t\t\t<div class='gallery-icon landscape'>\n\t\t\t\t<a href='https:\/\/interfaceinagh.com\/ga\/wp-content\/uploads\/2021\/01\/Facility3.jpg'><img loading=\"lazy\" decoding=\"async\" width=\"400\" height=\"400\" src=\"https:\/\/interfaceinagh.com\/ga\/wp-content\/uploads\/2021\/01\/Facility3-400x400.jpg\" class=\"attachment-thumbnail size-thumbnail\" alt=\"\" srcset=\"https:\/\/interfaceinagh.com\/ga\/wp-content\/uploads\/2021\/01\/Facility3-400x400.jpg 400w, https:\/\/interfaceinagh.com\/ga\/wp-content\/uploads\/2021\/01\/Facility3-100x100.jpg 100w\" sizes=\"auto, (max-width: 400px) 100vw, 400px\" \/><\/a>\n\t\t\t<\/div><\/figure><figure class='gallery-item'>\n\t\t\t<div class='gallery-icon landscape'>\n\t\t\t\t<a href='https:\/\/interfaceinagh.com\/ga\/wp-content\/uploads\/2021\/01\/Facility4.jpg'><img loading=\"lazy\" decoding=\"async\" width=\"400\" height=\"400\" src=\"https:\/\/interfaceinagh.com\/ga\/wp-content\/uploads\/2021\/01\/Facility4-400x400.jpg\" class=\"attachment-thumbnail size-thumbnail\" alt=\"\" srcset=\"https:\/\/interfaceinagh.com\/ga\/wp-content\/uploads\/2021\/01\/Facility4-400x400.jpg 400w, https:\/\/interfaceinagh.com\/ga\/wp-content\/uploads\/2021\/01\/Facility4-100x100.jpg 100w\" sizes=\"auto, (max-width: 400px) 100vw, 400px\" \/><\/a>\n\t\t\t<\/div><\/figure><figure class='gallery-item'>\n\t\t\t<div class='gallery-icon landscape'>\n\t\t\t\t<a href='https:\/\/interfaceinagh.com\/ga\/wp-content\/uploads\/2021\/01\/DSC08743.jpg'><img loading=\"lazy\" decoding=\"async\" width=\"400\" height=\"400\" src=\"https:\/\/interfaceinagh.com\/ga\/wp-content\/uploads\/2021\/01\/DSC08743-400x400.jpg\" class=\"attachment-thumbnail size-thumbnail\" alt=\"\" srcset=\"https:\/\/interfaceinagh.com\/ga\/wp-content\/uploads\/2021\/01\/DSC08743-400x400.jpg 400w, https:\/\/interfaceinagh.com\/ga\/wp-content\/uploads\/2021\/01\/DSC08743-100x100.jpg 100w\" sizes=\"auto, (max-width: 400px) 100vw, 400px\" \/><\/a>\n\t\t\t<\/div><\/figure><figure class='gallery-item'>\n\t\t\t<div class='gallery-icon landscape'>\n\t\t\t\t<a href='https:\/\/interfaceinagh.com\/ga\/wp-content\/uploads\/2021\/01\/DSC08747.jpg'><img loading=\"lazy\" decoding=\"async\" width=\"400\" height=\"400\" src=\"https:\/\/interfaceinagh.com\/ga\/wp-content\/uploads\/2021\/01\/DSC08747-400x400.jpg\" class=\"attachment-thumbnail size-thumbnail\" alt=\"\" srcset=\"https:\/\/interfaceinagh.com\/ga\/wp-content\/uploads\/2021\/01\/DSC08747-400x400.jpg 400w, https:\/\/interfaceinagh.com\/ga\/wp-content\/uploads\/2021\/01\/DSC08747-100x100.jpg 100w\" sizes=\"auto, (max-width: 400px) 100vw, 400px\" \/><\/a>\n\t\t\t<\/div><\/figure><figure class='gallery-item'>\n\t\t\t<div class='gallery-icon landscape'>\n\t\t\t\t<a href='https:\/\/interfaceinagh.com\/ga\/wp-content\/uploads\/2023\/02\/EggRoom.jpg'><img loading=\"lazy\" decoding=\"async\" width=\"400\" height=\"400\" src=\"https:\/\/interfaceinagh.com\/ga\/wp-content\/uploads\/2023\/02\/EggRoom-400x400.jpg\" class=\"attachment-thumbnail size-thumbnail\" alt=\"\" srcset=\"https:\/\/interfaceinagh.com\/ga\/wp-content\/uploads\/2023\/02\/EggRoom-400x400.jpg 400w, https:\/\/interfaceinagh.com\/ga\/wp-content\/uploads\/2023\/02\/EggRoom-600x600.jpg 600w, https:\/\/interfaceinagh.com\/ga\/wp-content\/uploads\/2023\/02\/EggRoom-100x100.jpg 100w\" sizes=\"auto, (max-width: 400px) 100vw, 400px\" \/><\/a>\n\t\t\t<\/div><\/figure><figure class='gallery-item'>\n\t\t\t<div class='gallery-icon landscape'>\n\t\t\t\t<a href='https:\/\/interfaceinagh.com\/ga\/wp-content\/uploads\/2021\/01\/20180326_160147.jpg'><img loading=\"lazy\" decoding=\"async\" width=\"400\" height=\"400\" src=\"https:\/\/interfaceinagh.com\/ga\/wp-content\/uploads\/2021\/01\/20180326_160147-400x400.jpg\" class=\"attachment-thumbnail size-thumbnail\" alt=\"\" srcset=\"https:\/\/interfaceinagh.com\/ga\/wp-content\/uploads\/2021\/01\/20180326_160147-400x400.jpg 400w, https:\/\/interfaceinagh.com\/ga\/wp-content\/uploads\/2021\/01\/20180326_160147-100x100.jpg 100w\" sizes=\"auto, (max-width: 400px) 100vw, 400px\" \/><\/a>\n\t\t\t<\/div><\/figure><figure class='gallery-item'>\n\t\t\t<div class='gallery-icon landscape'>\n\t\t\t\t<a href='https:\/\/interfaceinagh.com\/ga\/wp-content\/uploads\/2023\/02\/20190706_175059.jpg'><img loading=\"lazy\" decoding=\"async\" width=\"400\" height=\"400\" src=\"https:\/\/interfaceinagh.com\/ga\/wp-content\/uploads\/2023\/02\/20190706_175059-400x400.jpg\" class=\"attachment-thumbnail size-thumbnail\" alt=\"\" srcset=\"https:\/\/interfaceinagh.com\/ga\/wp-content\/uploads\/2023\/02\/20190706_175059-400x400.jpg 400w, https:\/\/interfaceinagh.com\/ga\/wp-content\/uploads\/2023\/02\/20190706_175059-600x600.jpg 600w, https:\/\/interfaceinagh.com\/ga\/wp-content\/uploads\/2023\/02\/20190706_175059-100x100.jpg 100w\" sizes=\"auto, (max-width: 400px) 100vw, 400px\" \/><\/a>\n\t\t\t<\/div><\/figure><figure class='gallery-item'>\n\t\t\t<div class='gallery-icon landscape'>\n\t\t\t\t<a href='https:\/\/interfaceinagh.com\/ga\/wp-content\/uploads\/2023\/02\/20190706_175134.jpg'><img loading=\"lazy\" decoding=\"async\" width=\"400\" height=\"400\" src=\"https:\/\/interfaceinagh.com\/ga\/wp-content\/uploads\/2023\/02\/20190706_175134-400x400.jpg\" class=\"attachment-thumbnail size-thumbnail\" alt=\"\" srcset=\"https:\/\/interfaceinagh.com\/ga\/wp-content\/uploads\/2023\/02\/20190706_175134-400x400.jpg 400w, https:\/\/interfaceinagh.com\/ga\/wp-content\/uploads\/2023\/02\/20190706_175134-600x600.jpg 600w, https:\/\/interfaceinagh.com\/ga\/wp-content\/uploads\/2023\/02\/20190706_175134-100x100.jpg 100w\" sizes=\"auto, (max-width: 400px) 100vw, 400px\" \/><\/a>\n\t\t\t<\/div><\/figure>\n\t\t<\/div>\n\r\n","protected":false},"excerpt":{"rendered":"<p>An Sti&uacute;ideo T&aacute; an sti&uacute;ideo suite i seanghorlann brad&aacute;n, san aon &aacute;itreabh le hIontaobhas Ghleann Eidhneach a chuireann tionscadail nu&aacute;la&iacute;ochta maidir le taighde eola&iacute;ochta chun cinn sa&nbsp;Gleann Eidhneach. B&iacute;onn an sti&uacute;ideo ar f&aacute;il ag eala&iacute;ont&oacute;ir&iacute; c&oacute;naithe agus ag comhalta&iacute; Interface chomh maith lena bheith ar f&aacute;il ar c&iacute;os ag eala&iacute;ont&oacute;ir&iacute;&nbsp;n&oacute; eagra&iacute;ochta&iacute; eile a dteasta&iacute;onn sp&aacute;s [&hellip;]<\/p>\n","protected":false},"author":1,"featured_media":0,"parent":5255,"menu_order":0,"comment_status":"closed","ping_status":"closed","template":"","meta":{"ocean_post_layout":"","ocean_both_sidebars_style":"","ocean_both_sidebars_content_width":0,"ocean_both_sidebars_sidebars_width":0,"ocean_sidebar":"0","ocean_second_sidebar":"0","ocean_disable_margins":"enable","ocean_add_body_class":"","ocean_shortcode_before_top_bar":"","ocean_shortcode_after_top_bar":"","ocean_shortcode_before_header":"","ocean_shortcode_after_header":"","ocean_has_shortcode":"","ocean_shortcode_after_title":"","ocean_shortcode_before_footer_widgets":"","ocean_shortcode_after_footer_widgets":"","ocean_shortcode_before_footer_bottom":"","ocean_shortcode_after_footer_bottom":"","ocean_display_top_bar":"default","ocean_display_header":"default","ocean_header_style":"","ocean_center_header_left_menu":"0","ocean_custom_header_template":"0","ocean_custom_logo":0,"ocean_custom_retina_logo":0,"ocean_custom_logo_max_width":0,"ocean_custom_logo_tablet_max_width":0,"ocean_custom_logo_mobile_max_width":0,"ocean_custom_logo_max_height":0,"ocean_custom_logo_tablet_max_height":0,"ocean_custom_logo_mobile_max_height":0,"ocean_header_custom_menu":"0","ocean_menu_typo_font_family":"0","ocean_menu_typo_font_subset":"","ocean_menu_typo_font_size":0,"ocean_menu_typo_font_size_tablet":0,"ocean_menu_typo_font_size_mobile":0,"ocean_menu_typo_font_size_unit":"px","ocean_menu_typo_font_weight":"","ocean_menu_typo_font_weight_tablet":"","ocean_menu_typo_font_weight_mobile":"","ocean_menu_typo_transform":"","ocean_menu_typo_transform_tablet":"","ocean_menu_typo_transform_mobile":"","ocean_menu_typo_line_height":0,"ocean_menu_typo_line_height_tablet":0,"ocean_menu_typo_line_height_mobile":0,"ocean_menu_typo_line_height_unit":"","ocean_menu_typo_spacing":0,"ocean_menu_typo_spacing_tablet":0,"ocean_menu_typo_spacing_mobile":0,"ocean_menu_typo_spacing_unit":"","ocean_menu_link_color":"","ocean_menu_link_color_hover":"","ocean_menu_link_color_active":"","ocean_menu_link_background":"","ocean_menu_link_hover_background":"","ocean_menu_link_active_background":"","ocean_menu_social_links_bg":"","ocean_menu_social_hover_links_bg":"","ocean_menu_social_links_color":"","ocean_menu_social_hover_links_color":"","ocean_disable_title":"default","ocean_disable_heading":"default","ocean_post_title":"","ocean_post_subheading":"","ocean_post_title_style":"background-image","ocean_post_title_background_color":"","ocean_post_title_background":750,"ocean_post_title_bg_image_position":"","ocean_post_title_bg_image_attachment":"","ocean_post_title_bg_image_repeat":"","ocean_post_title_bg_image_size":"","ocean_post_title_height":0,"ocean_post_title_bg_overlay":0.5,"ocean_post_title_bg_overlay_color":"","ocean_disable_breadcrumbs":"default","ocean_breadcrumbs_color":"","ocean_breadcrumbs_separator_color":"","ocean_breadcrumbs_links_color":"","ocean_breadcrumbs_links_hover_color":"","ocean_display_footer_widgets":"default","ocean_display_footer_bottom":"default","ocean_custom_footer_template":"0","footnotes":""},"class_list":["post-34","page","type-page","status-publish","hentry","entry"],"_links":{"self":[{"href":"https:\/\/interfaceinagh.com\/ga\/wp-json\/wp\/v2\/pages\/34","targetHints":{"allow":["GET"]}}],"collection":[{"href":"https:\/\/interfaceinagh.com\/ga\/wp-json\/wp\/v2\/pages"}],"about":[{"href":"https:\/\/interfaceinagh.com\/ga\/wp-json\/wp\/v2\/types\/page"}],"author":[{"embeddable":true,"href":"https:\/\/interfaceinagh.com\/ga\/wp-json\/wp\/v2\/users\/1"}],"replies":[{"embeddable":true,"href":"https:\/\/interfaceinagh.com\/ga\/wp-json\/wp\/v2\/comments?post=34"}],"version-history":[{"count":5,"href":"https:\/\/interfaceinagh.com\/ga\/wp-json\/wp\/v2\/pages\/34\/revisions"}],"predecessor-version":[{"id":5264,"href":"https:\/\/interfaceinagh.com\/ga\/wp-json\/wp\/v2\/pages\/34\/revisions\/5264"}],"up":[{"embeddable":true,"href":"https:\/\/interfaceinagh.com\/ga\/wp-json\/wp\/v2\/pages\/5255"}],"wp:attachment":[{"href":"https:\/\/interfaceinagh.com\/ga\/wp-json\/wp\/v2\/media?parent=34"}],"curies":[{"name":"wp","href":"https:\/\/api.w.org\/{rel}","templated":true}]}}