{"id":3152,"date":"2023-02-18T12:44:07","date_gmt":"2023-02-18T12:44:07","guid":{"rendered":"https:\/\/interfaceinagh.com\/?page_id=3152"},"modified":"2025-09-09T10:48:24","modified_gmt":"2025-09-09T10:48:24","slug":"trealamh-spas-ar-cios","status":"publish","type":"page","link":"https:\/\/interfaceinagh.com\/ga\/faoi\/trealamh-spas-ar-cios\/","title":{"rendered":"Trealamh &#038; Sp\u00e1s ar C\u00edos"},"content":{"rendered":"\r\n<h1>Trealamh &amp; Sp\u00e1s ar C\u00edos<\/h1>\r\n<p>T\u00e1 an t-\u00e1dh orainn in Interface go bhfuil \u00e1it aoibhinn in\u00e1r dtimpeall le hoibri\u00fa\u00a0ann agus mar \u00e1bhar spreagtha againn. T\u00e1 teilgche\u00e1rta \u00f3 R\u00e9 an Chr\u00e9-Umha anseo, preas eitse\u00e1la (le leaba priont\u00e1la 80 x 160cm) againn, foireann uirlis\u00ed adhmad\u00f3ireachta l\u00e1imhe \u00e1 chur le ch\u00e9ile agus trealamh closamhairc ar f\u00e1il ar c\u00edos. M\u00e1 t\u00e1 sp\u00e1s \u00e1 chuardach agat le hoibri\u00fa\u00a0ar thogra, tuige nach dt\u00f3gann t\u00fa sp\u00e1s ar c\u00edos uainn ar feadh roinnt laethanta?<\/p>\r\n<p>T\u00e1 eolas faoi na r\u00e1ta\u00ed c\u00edosa inchom\u00f3rtais maidir le sp\u00e1s n\u00f3 trealamh ar f\u00e1il\u00a0<a href=\"https:\/\/interfaceinagh.com\/wp-content\/uploads\/2025\/06\/Space-Equipment-Hire-Interface-2025.pdf\">anseo<\/a>. T\u00e1 r\u00e1ta\u00ed speisialta ar f\u00e1il d&#8217;eala\u00edont\u00f3ir\u00ed agus d&#8217;eala\u00edont\u00f3ir\u00ed\u00a0at\u00e1 ina gcomhalta\u00ed de Interface. Seol teachtaireacht r\u00edomhphoist chuig interfaceinagh@gmail.com m\u00e1s mian leat sp\u00e1s n\u00f3\u00a0trealamh a th\u00f3g\u00e1il ar c\u00edos.<\/p>\r\n<div id='gallery-1' class='gallery galleryid-3152 gallery-columns-5 gallery-size-thumbnail'><figure class='gallery-item'>\n\t\t\t<div class='gallery-icon landscape'>\n\t\t\t\t<a href='https:\/\/interfaceinagh.com\/ga\/faoi\/trealamh-spas-ar-cios\/attachment\/eggroom-2\/'><img loading=\"lazy\" decoding=\"async\" width=\"400\" height=\"400\" src=\"https:\/\/interfaceinagh.com\/ga\/wp-content\/uploads\/2024\/10\/EggRoom-400x400.jpg\" class=\"attachment-thumbnail size-thumbnail\" alt=\"\" aria-describedby=\"gallery-1-4515\" srcset=\"https:\/\/interfaceinagh.com\/ga\/wp-content\/uploads\/2024\/10\/EggRoom-400x400.jpg 400w, https:\/\/interfaceinagh.com\/ga\/wp-content\/uploads\/2024\/10\/EggRoom-600x600.jpg 600w, https:\/\/interfaceinagh.com\/ga\/wp-content\/uploads\/2024\/10\/EggRoom-100x100.jpg 100w\" sizes=\"auto, (max-width: 400px) 100vw, 400px\" \/><\/a>\n\t\t\t<\/div>\n\t\t\t\t<figcaption class='wp-caption-text gallery-caption' id='gallery-1-4515'>\n\t\t\t\tEgg Room\n\t\t\t\t<\/figcaption><\/figure><figure class='gallery-item'>\n\t\t\t<div class='gallery-icon landscape'>\n\t\t\t\t<a href='https:\/\/interfaceinagh.com\/ga\/faoi\/trealamh-spas-ar-cios\/attachment\/generalspace_sm\/'><img loading=\"lazy\" decoding=\"async\" width=\"400\" height=\"400\" src=\"https:\/\/interfaceinagh.com\/ga\/wp-content\/uploads\/2024\/10\/GeneralSpace_sm-2-400x400.jpg\" class=\"attachment-thumbnail size-thumbnail\" alt=\"\" aria-describedby=\"gallery-1-4518\" srcset=\"https:\/\/interfaceinagh.com\/ga\/wp-content\/uploads\/2024\/10\/GeneralSpace_sm-2-400x400.jpg 400w, https:\/\/interfaceinagh.com\/ga\/wp-content\/uploads\/2024\/10\/GeneralSpace_sm-2-600x600.jpg 600w, https:\/\/interfaceinagh.com\/ga\/wp-content\/uploads\/2024\/10\/GeneralSpace_sm-2-100x100.jpg 100w\" sizes=\"auto, (max-width: 400px) 100vw, 400px\" \/><\/a>\n\t\t\t<\/div>\n\t\t\t\t<figcaption class='wp-caption-text gallery-caption' id='gallery-1-4518'>\n\t\t\t\tSorting Area\n\t\t\t\t<\/figcaption><\/figure><figure class='gallery-item'>\n\t\t\t<div class='gallery-icon landscape'>\n\t\t\t\t<a href='https:\/\/interfaceinagh.com\/ga\/faoi\/trealamh-spas-ar-cios\/attachment\/inidivstudio\/'><img loading=\"lazy\" decoding=\"async\" width=\"400\" height=\"400\" src=\"https:\/\/interfaceinagh.com\/ga\/wp-content\/uploads\/2024\/10\/InidivStudio-400x400.jpg\" class=\"attachment-thumbnail size-thumbnail\" alt=\"\" aria-describedby=\"gallery-1-4516\" srcset=\"https:\/\/interfaceinagh.com\/ga\/wp-content\/uploads\/2024\/10\/InidivStudio-400x400.jpg 400w, https:\/\/interfaceinagh.com\/ga\/wp-content\/uploads\/2024\/10\/InidivStudio-600x600.jpg 600w, https:\/\/interfaceinagh.com\/ga\/wp-content\/uploads\/2024\/10\/InidivStudio-100x100.jpg 100w\" sizes=\"auto, (max-width: 400px) 100vw, 400px\" \/><\/a>\n\t\t\t<\/div>\n\t\t\t\t<figcaption class='wp-caption-text gallery-caption' id='gallery-1-4516'>\n\t\t\t\tIndividual Studio\n\t\t\t\t<\/figcaption><\/figure><figure class='gallery-item'>\n\t\t\t<div class='gallery-icon landscape'>\n\t\t\t\t<a href='https:\/\/interfaceinagh.com\/ga\/faoi\/trealamh-spas-ar-cios\/attachment\/mainstudio\/'><img loading=\"lazy\" decoding=\"async\" width=\"400\" height=\"400\" src=\"https:\/\/interfaceinagh.com\/ga\/wp-content\/uploads\/2024\/10\/MainStudio-400x400.jpg\" class=\"attachment-thumbnail size-thumbnail\" alt=\"\" aria-describedby=\"gallery-1-4517\" srcset=\"https:\/\/interfaceinagh.com\/ga\/wp-content\/uploads\/2024\/10\/MainStudio-400x400.jpg 400w, https:\/\/interfaceinagh.com\/ga\/wp-content\/uploads\/2024\/10\/MainStudio-600x600.jpg 600w, https:\/\/interfaceinagh.com\/ga\/wp-content\/uploads\/2024\/10\/MainStudio-100x100.jpg 100w\" sizes=\"auto, (max-width: 400px) 100vw, 400px\" \/><\/a>\n\t\t\t<\/div>\n\t\t\t\t<figcaption class='wp-caption-text gallery-caption' id='gallery-1-4517'>\n\t\t\t\tShared Studio Space\n\t\t\t\t<\/figcaption><\/figure><figure class='gallery-item'>\n\t\t\t<div class='gallery-icon landscape'>\n\t\t\t\t<a href='https:\/\/interfaceinagh.com\/ga\/faoi\/trealamh-spas-ar-cios\/attachment\/20250617_124304\/'><img loading=\"lazy\" decoding=\"async\" width=\"400\" height=\"400\" src=\"https:\/\/interfaceinagh.com\/ga\/wp-content\/uploads\/2025\/06\/20250617_124304-400x400.jpg\" class=\"attachment-thumbnail size-thumbnail\" alt=\"\" aria-describedby=\"gallery-1-5101\" srcset=\"https:\/\/interfaceinagh.com\/ga\/wp-content\/uploads\/2025\/06\/20250617_124304-400x400.jpg 400w, https:\/\/interfaceinagh.com\/ga\/wp-content\/uploads\/2025\/06\/20250617_124304-100x100.jpg 100w\" sizes=\"auto, (max-width: 400px) 100vw, 400px\" \/><\/a>\n\t\t\t<\/div>\n\t\t\t\t<figcaption class='wp-caption-text gallery-caption' id='gallery-1-5101'>\n\t\t\t\tWood workshop\n\t\t\t\t<\/figcaption><\/figure><figure class='gallery-item'>\n\t\t\t<div class='gallery-icon portrait'>\n\t\t\t\t<a href='https:\/\/interfaceinagh.com\/ga\/faoi\/trealamh-spas-ar-cios\/attachment\/20250617_123319\/'><img loading=\"lazy\" decoding=\"async\" width=\"400\" height=\"400\" src=\"https:\/\/interfaceinagh.com\/ga\/wp-content\/uploads\/2025\/06\/20250617_123319-400x400.jpg\" class=\"attachment-thumbnail size-thumbnail\" alt=\"\" aria-describedby=\"gallery-1-5095\" srcset=\"https:\/\/interfaceinagh.com\/ga\/wp-content\/uploads\/2025\/06\/20250617_123319-400x400.jpg 400w, https:\/\/interfaceinagh.com\/ga\/wp-content\/uploads\/2025\/06\/20250617_123319-100x100.jpg 100w\" sizes=\"auto, (max-width: 400px) 100vw, 400px\" \/><\/a>\n\t\t\t<\/div>\n\t\t\t\t<figcaption class='wp-caption-text gallery-caption' id='gallery-1-5095'>\n\t\t\t\tEtching Press\n\t\t\t\t<\/figcaption><\/figure><figure class='gallery-item'>\n\t\t\t<div class='gallery-icon portrait'>\n\t\t\t\t<a href='https:\/\/interfaceinagh.com\/ga\/faoi\/trealamh-spas-ar-cios\/attachment\/20250502_122845\/'><img loading=\"lazy\" decoding=\"async\" width=\"400\" height=\"400\" src=\"https:\/\/interfaceinagh.com\/ga\/wp-content\/uploads\/2025\/06\/20250502_122845-400x400.jpg\" class=\"attachment-thumbnail size-thumbnail\" alt=\"\" aria-describedby=\"gallery-1-5097\" srcset=\"https:\/\/interfaceinagh.com\/ga\/wp-content\/uploads\/2025\/06\/20250502_122845-400x400.jpg 400w, https:\/\/interfaceinagh.com\/ga\/wp-content\/uploads\/2025\/06\/20250502_122845-100x100.jpg 100w\" sizes=\"auto, (max-width: 400px) 100vw, 400px\" \/><\/a>\n\t\t\t<\/div>\n\t\t\t\t<figcaption class='wp-caption-text gallery-caption' id='gallery-1-5097'>\n\t\t\t\tEtching Press\n\t\t\t\t<\/figcaption><\/figure><figure class='gallery-item'>\n\t\t\t<div class='gallery-icon portrait'>\n\t\t\t\t<a href='https:\/\/interfaceinagh.com\/ga\/faoi\/trealamh-spas-ar-cios\/attachment\/20250519_125342\/'><img loading=\"lazy\" decoding=\"async\" width=\"400\" height=\"400\" src=\"https:\/\/interfaceinagh.com\/ga\/wp-content\/uploads\/2025\/06\/20250519_125342-400x400.jpg\" class=\"attachment-thumbnail size-thumbnail\" alt=\"\" aria-describedby=\"gallery-1-5098\" srcset=\"https:\/\/interfaceinagh.com\/ga\/wp-content\/uploads\/2025\/06\/20250519_125342-400x400.jpg 400w, https:\/\/interfaceinagh.com\/ga\/wp-content\/uploads\/2025\/06\/20250519_125342-100x100.jpg 100w\" sizes=\"auto, (max-width: 400px) 100vw, 400px\" \/><\/a>\n\t\t\t<\/div>\n\t\t\t\t<figcaption class='wp-caption-text gallery-caption' id='gallery-1-5098'>\n\t\t\t\tBronze foundry\n\t\t\t\t<\/figcaption><\/figure><figure class='gallery-item'>\n\t\t\t<div class='gallery-icon portrait'>\n\t\t\t\t<a href='https:\/\/interfaceinagh.com\/ga\/faoi\/trealamh-spas-ar-cios\/attachment\/20250520_112841\/'><img loading=\"lazy\" decoding=\"async\" width=\"400\" height=\"400\" src=\"https:\/\/interfaceinagh.com\/ga\/wp-content\/uploads\/2025\/06\/20250520_112841-400x400.jpg\" class=\"attachment-thumbnail size-thumbnail\" alt=\"\" aria-describedby=\"gallery-1-5099\" srcset=\"https:\/\/interfaceinagh.com\/ga\/wp-content\/uploads\/2025\/06\/20250520_112841-400x400.jpg 400w, https:\/\/interfaceinagh.com\/ga\/wp-content\/uploads\/2025\/06\/20250520_112841-100x100.jpg 100w\" sizes=\"auto, (max-width: 400px) 100vw, 400px\" \/><\/a>\n\t\t\t<\/div>\n\t\t\t\t<figcaption class='wp-caption-text gallery-caption' id='gallery-1-5099'>\n\t\t\t\tBronze foundry\n\t\t\t\t<\/figcaption><\/figure><figure class='gallery-item'>\n\t\t\t<div class='gallery-icon portrait'>\n\t\t\t\t<a href='https:\/\/interfaceinagh.com\/ga\/faoi\/trealamh-spas-ar-cios\/attachment\/20250520_124245\/'><img loading=\"lazy\" decoding=\"async\" width=\"400\" height=\"400\" src=\"https:\/\/interfaceinagh.com\/ga\/wp-content\/uploads\/2025\/06\/20250520_124245-400x400.jpg\" class=\"attachment-thumbnail size-thumbnail\" alt=\"\" aria-describedby=\"gallery-1-5100\" srcset=\"https:\/\/interfaceinagh.com\/ga\/wp-content\/uploads\/2025\/06\/20250520_124245-400x400.jpg 400w, https:\/\/interfaceinagh.com\/ga\/wp-content\/uploads\/2025\/06\/20250520_124245-100x100.jpg 100w\" sizes=\"auto, (max-width: 400px) 100vw, 400px\" \/><\/a>\n\t\t\t<\/div>\n\t\t\t\t<figcaption class='wp-caption-text gallery-caption' id='gallery-1-5100'>\n\t\t\t\tBronze foundry\n\t\t\t\t<\/figcaption><\/figure>\n\t\t<\/div>\n\r\n","protected":false},"excerpt":{"rendered":"<p>Trealamh &amp; Sp&aacute;s ar C&iacute;os T&aacute; an t-&aacute;dh orainn in Interface go bhfuil &aacute;it aoibhinn in&aacute;r dtimpeall le hoibri&uacute;&nbsp;ann agus mar &aacute;bhar spreagtha againn. T&aacute; teilgche&aacute;rta &oacute; R&eacute; an Chr&eacute;-Umha anseo, preas eitse&aacute;la (le leaba priont&aacute;la 80 x 160cm) againn, foireann uirlis&iacute; adhmad&oacute;ireachta l&aacute;imhe &aacute; chur le ch&eacute;ile agus trealamh closamhairc ar f&aacute;il ar c&iacute;os. [&hellip;]<\/p>\n","protected":false},"author":2,"featured_media":0,"parent":5255,"menu_order":0,"comment_status":"closed","ping_status":"closed","template":"","meta":{"ocean_post_layout":"","ocean_both_sidebars_style":"","ocean_both_sidebars_content_width":0,"ocean_both_sidebars_sidebars_width":0,"ocean_sidebar":"0","ocean_second_sidebar":"0","ocean_disable_margins":"enable","ocean_add_body_class":"","ocean_shortcode_before_top_bar":"","ocean_shortcode_after_top_bar":"","ocean_shortcode_before_header":"","ocean_shortcode_after_header":"","ocean_has_shortcode":"","ocean_shortcode_after_title":"","ocean_shortcode_before_footer_widgets":"","ocean_shortcode_after_footer_widgets":"","ocean_shortcode_before_footer_bottom":"","ocean_shortcode_after_footer_bottom":"","ocean_display_top_bar":"default","ocean_display_header":"default","ocean_header_style":"","ocean_center_header_left_menu":"0","ocean_custom_header_template":"0","ocean_custom_logo":0,"ocean_custom_retina_logo":0,"ocean_custom_logo_max_width":0,"ocean_custom_logo_tablet_max_width":0,"ocean_custom_logo_mobile_max_width":0,"ocean_custom_logo_max_height":0,"ocean_custom_logo_tablet_max_height":0,"ocean_custom_logo_mobile_max_height":0,"ocean_header_custom_menu":"0","ocean_menu_typo_font_family":"0","ocean_menu_typo_font_subset":"","ocean_menu_typo_font_size":0,"ocean_menu_typo_font_size_tablet":0,"ocean_menu_typo_font_size_mobile":0,"ocean_menu_typo_font_size_unit":"px","ocean_menu_typo_font_weight":"","ocean_menu_typo_font_weight_tablet":"","ocean_menu_typo_font_weight_mobile":"","ocean_menu_typo_transform":"","ocean_menu_typo_transform_tablet":"","ocean_menu_typo_transform_mobile":"","ocean_menu_typo_line_height":0,"ocean_menu_typo_line_height_tablet":0,"ocean_menu_typo_line_height_mobile":0,"ocean_menu_typo_line_height_unit":"","ocean_menu_typo_spacing":0,"ocean_menu_typo_spacing_tablet":0,"ocean_menu_typo_spacing_mobile":0,"ocean_menu_typo_spacing_unit":"","ocean_menu_link_color":"","ocean_menu_link_color_hover":"","ocean_menu_link_color_active":"","ocean_menu_link_background":"","ocean_menu_link_hover_background":"","ocean_menu_link_active_background":"","ocean_menu_social_links_bg":"","ocean_menu_social_hover_links_bg":"","ocean_menu_social_links_color":"","ocean_menu_social_hover_links_color":"","ocean_disable_title":"default","ocean_disable_heading":"default","ocean_post_title":"","ocean_post_subheading":"","ocean_post_title_style":"","ocean_post_title_background_color":"","ocean_post_title_background":0,"ocean_post_title_bg_image_position":"","ocean_post_title_bg_image_attachment":"","ocean_post_title_bg_image_repeat":"","ocean_post_title_bg_image_size":"","ocean_post_title_height":0,"ocean_post_title_bg_overlay":0.5,"ocean_post_title_bg_overlay_color":"","ocean_disable_breadcrumbs":"default","ocean_breadcrumbs_color":"","ocean_breadcrumbs_separator_color":"","ocean_breadcrumbs_links_color":"","ocean_breadcrumbs_links_hover_color":"","ocean_display_footer_widgets":"default","ocean_display_footer_bottom":"default","ocean_custom_footer_template":"0","footnotes":""},"class_list":["post-3152","page","type-page","status-publish","hentry","entry"],"_links":{"self":[{"href":"https:\/\/interfaceinagh.com\/ga\/wp-json\/wp\/v2\/pages\/3152","targetHints":{"allow":["GET"]}}],"collection":[{"href":"https:\/\/interfaceinagh.com\/ga\/wp-json\/wp\/v2\/pages"}],"about":[{"href":"https:\/\/interfaceinagh.com\/ga\/wp-json\/wp\/v2\/types\/page"}],"author":[{"embeddable":true,"href":"https:\/\/interfaceinagh.com\/ga\/wp-json\/wp\/v2\/users\/2"}],"replies":[{"embeddable":true,"href":"https:\/\/interfaceinagh.com\/ga\/wp-json\/wp\/v2\/comments?post=3152"}],"version-history":[{"count":5,"href":"https:\/\/interfaceinagh.com\/ga\/wp-json\/wp\/v2\/pages\/3152\/revisions"}],"predecessor-version":[{"id":5298,"href":"https:\/\/interfaceinagh.com\/ga\/wp-json\/wp\/v2\/pages\/3152\/revisions\/5298"}],"up":[{"embeddable":true,"href":"https:\/\/interfaceinagh.com\/ga\/wp-json\/wp\/v2\/pages\/5255"}],"wp:attachment":[{"href":"https:\/\/interfaceinagh.com\/ga\/wp-json\/wp\/v2\/media?parent=3152"}],"curies":[{"name":"wp","href":"https:\/\/api.w.org\/{rel}","templated":true}]}}