{"id":29,"date":"2021-01-13T13:34:51","date_gmt":"2021-01-13T13:34:51","guid":{"rendered":"https:\/\/interfaceinagh.com\/ga\/ga\/?page_id=29"},"modified":"2025-09-09T09:44:44","modified_gmt":"2025-09-09T09:44:44","slug":"stair","status":"publish","type":"page","link":"https:\/\/interfaceinagh.com\/ga\/faoi\/stair\/","title":{"rendered":"Stair"},"content":{"rendered":"\n<h1>\n\t\t\tStair\t<\/h1>\n\t<p>T\u00e1 Interface suite in ionad a t\u00f3gadh ina ghorlann brad\u00e1n ar dt\u00fas i ndeireadh na 1980id\u00ed.<a href=\"https:\/\/www.stwarchitects.com\/\">Scott Tallon Walker<\/a>\u00a0na hailtir\u00ed\u00a0a chuir Carrolls, an comhlacht tobac, ar coimisi\u00fan leis an ngorlann brad\u00e1n ba nua-aimseartha ar domhan a leagan amach. Bh\u00edodh gorlann uathoibr\u00edoch faoi smacht r\u00edomhair\u00ed\u00a0\u00e1 rith ag an gcomhlacht sin agus brainl\u00edn \u00e1 sheoladh chuig feirmeoir\u00ed brad\u00e1n amach \u00f3n gc\u00f3sta ar heileacaptar. Is \u00e9 a chuaigh in aghaidh an ghn\u00f3\u00a0sa deireadh go raibh an mhonarcha r\u00f3chrochta os cionn an locha agus go raibh athshruthl\u00fa\u00a0an uisce r\u00f3chostasach d\u00e1 bharr. Tr\u00e1th ar d\u00fanadh an gn\u00f3 sin, bh\u00ed foirgneamh nua-aoiseach, fada, \u00edseal f\u00e1gtha folamh ar bhruach Loch Dhoire an Chl\u00e1ir. Cheannaigh na h\u00fain\u00e9ir\u00ed reatha an t-ionad sa bhliain 2007 d&#8217;fhonn ionad taighde agus forbartha eola\u00edochta a thabhairt chun cinn ann.<\/p>\n<div id='gallery-1' class='gallery galleryid-29 gallery-columns-4 gallery-size-thumbnail'><figure class='gallery-item'>\n\t\t\t<div class='gallery-icon landscape'>\n\t\t\t\t<a href='https:\/\/interfaceinagh.com\/ga\/wp-content\/uploads\/2021\/01\/DSC01284.jpg'><img loading=\"lazy\" decoding=\"async\" width=\"400\" height=\"400\" src=\"https:\/\/interfaceinagh.com\/ga\/wp-content\/uploads\/2021\/01\/DSC01284-400x400.jpg\" class=\"attachment-thumbnail size-thumbnail\" alt=\"\" srcset=\"https:\/\/interfaceinagh.com\/ga\/wp-content\/uploads\/2021\/01\/DSC01284-400x400.jpg 400w, https:\/\/interfaceinagh.com\/ga\/wp-content\/uploads\/2021\/01\/DSC01284-100x100.jpg 100w\" sizes=\"auto, (max-width: 400px) 100vw, 400px\" \/><\/a>\n\t\t\t<\/div><\/figure><figure class='gallery-item'>\n\t\t\t<div class='gallery-icon landscape'>\n\t\t\t\t<a href='https:\/\/interfaceinagh.com\/ga\/wp-content\/uploads\/2021\/01\/DSC01315.jpg'><img loading=\"lazy\" decoding=\"async\" width=\"400\" height=\"400\" src=\"https:\/\/interfaceinagh.com\/ga\/wp-content\/uploads\/2021\/01\/DSC01315-400x400.jpg\" class=\"attachment-thumbnail size-thumbnail\" alt=\"\" srcset=\"https:\/\/interfaceinagh.com\/ga\/wp-content\/uploads\/2021\/01\/DSC01315-400x400.jpg 400w, https:\/\/interfaceinagh.com\/ga\/wp-content\/uploads\/2021\/01\/DSC01315-100x100.jpg 100w\" sizes=\"auto, (max-width: 400px) 100vw, 400px\" \/><\/a>\n\t\t\t<\/div><\/figure><figure class='gallery-item'>\n\t\t\t<div class='gallery-icon landscape'>\n\t\t\t\t<a href='https:\/\/interfaceinagh.com\/ga\/wp-content\/uploads\/2021\/01\/DSC01381.jpg'><img loading=\"lazy\" decoding=\"async\" width=\"400\" height=\"400\" src=\"https:\/\/interfaceinagh.com\/ga\/wp-content\/uploads\/2021\/01\/DSC01381-400x400.jpg\" class=\"attachment-thumbnail size-thumbnail\" alt=\"\" srcset=\"https:\/\/interfaceinagh.com\/ga\/wp-content\/uploads\/2021\/01\/DSC01381-400x400.jpg 400w, https:\/\/interfaceinagh.com\/ga\/wp-content\/uploads\/2021\/01\/DSC01381-100x100.jpg 100w\" sizes=\"auto, (max-width: 400px) 100vw, 400px\" \/><\/a>\n\t\t\t<\/div><\/figure><figure class='gallery-item'>\n\t\t\t<div class='gallery-icon landscape'>\n\t\t\t\t<a href='https:\/\/interfaceinagh.com\/ga\/wp-content\/uploads\/2021\/01\/Facility2.jpg'><img loading=\"lazy\" decoding=\"async\" width=\"400\" height=\"400\" src=\"https:\/\/interfaceinagh.com\/ga\/wp-content\/uploads\/2021\/01\/Facility2-400x400.jpg\" class=\"attachment-thumbnail size-thumbnail\" alt=\"\" srcset=\"https:\/\/interfaceinagh.com\/ga\/wp-content\/uploads\/2021\/01\/Facility2-400x400.jpg 400w, https:\/\/interfaceinagh.com\/ga\/wp-content\/uploads\/2021\/01\/Facility2-100x100.jpg 100w\" sizes=\"auto, (max-width: 400px) 100vw, 400px\" \/><\/a>\n\t\t\t<\/div><\/figure><figure class='gallery-item'>\n\t\t\t<div class='gallery-icon landscape'>\n\t\t\t\t<a href='https:\/\/interfaceinagh.com\/ga\/wp-content\/uploads\/2021\/01\/Facility4.jpg'><img loading=\"lazy\" decoding=\"async\" width=\"400\" height=\"400\" src=\"https:\/\/interfaceinagh.com\/ga\/wp-content\/uploads\/2021\/01\/Facility4-400x400.jpg\" class=\"attachment-thumbnail size-thumbnail\" alt=\"\" srcset=\"https:\/\/interfaceinagh.com\/ga\/wp-content\/uploads\/2021\/01\/Facility4-400x400.jpg 400w, https:\/\/interfaceinagh.com\/ga\/wp-content\/uploads\/2021\/01\/Facility4-100x100.jpg 100w\" sizes=\"auto, (max-width: 400px) 100vw, 400px\" \/><\/a>\n\t\t\t<\/div><\/figure><figure class='gallery-item'>\n\t\t\t<div class='gallery-icon landscape'>\n\t\t\t\t<a href='https:\/\/interfaceinagh.com\/ga\/wp-content\/uploads\/2021\/01\/Facility5.jpg'><img loading=\"lazy\" decoding=\"async\" width=\"400\" height=\"400\" src=\"https:\/\/interfaceinagh.com\/ga\/wp-content\/uploads\/2021\/01\/Facility5-400x400.jpg\" class=\"attachment-thumbnail size-thumbnail\" alt=\"\" srcset=\"https:\/\/interfaceinagh.com\/ga\/wp-content\/uploads\/2021\/01\/Facility5-400x400.jpg 400w, https:\/\/interfaceinagh.com\/ga\/wp-content\/uploads\/2021\/01\/Facility5-100x100.jpg 100w\" sizes=\"auto, (max-width: 400px) 100vw, 400px\" \/><\/a>\n\t\t\t<\/div><\/figure><figure class='gallery-item'>\n\t\t\t<div class='gallery-icon landscape'>\n\t\t\t\t<a href='https:\/\/interfaceinagh.com\/ga\/wp-content\/uploads\/2021\/01\/Jars1.jpg'><img loading=\"lazy\" decoding=\"async\" width=\"400\" height=\"400\" src=\"https:\/\/interfaceinagh.com\/ga\/wp-content\/uploads\/2021\/01\/Jars1-400x400.jpg\" class=\"attachment-thumbnail size-thumbnail\" alt=\"\" srcset=\"https:\/\/interfaceinagh.com\/ga\/wp-content\/uploads\/2021\/01\/Jars1-400x400.jpg 400w, https:\/\/interfaceinagh.com\/ga\/wp-content\/uploads\/2021\/01\/Jars1-100x100.jpg 100w\" sizes=\"auto, (max-width: 400px) 100vw, 400px\" \/><\/a>\n\t\t\t<\/div><\/figure><figure class='gallery-item'>\n\t\t\t<div class='gallery-icon landscape'>\n\t\t\t\t<a href='https:\/\/interfaceinagh.com\/ga\/wp-content\/uploads\/2021\/01\/Facility1-scaled.jpg'><img loading=\"lazy\" decoding=\"async\" width=\"400\" height=\"400\" src=\"https:\/\/interfaceinagh.com\/ga\/wp-content\/uploads\/2021\/01\/Facility1-400x400.jpg\" class=\"attachment-thumbnail size-thumbnail\" alt=\"\" srcset=\"https:\/\/interfaceinagh.com\/ga\/wp-content\/uploads\/2021\/01\/Facility1-400x400.jpg 400w, https:\/\/interfaceinagh.com\/ga\/wp-content\/uploads\/2021\/01\/Facility1-scaled-100x100.jpg 100w\" sizes=\"auto, (max-width: 400px) 100vw, 400px\" \/><\/a>\n\t\t\t<\/div><\/figure>\n\t\t<\/div>\n\n<p>T\u00e1 deich mbliana caite \u00f3 shin i leith ag obair ar an gcuma is fearr a chur ar an bhfoirgneamh a ndearnadh r\u00f3ch\u00faram innealt\u00f3ireachta de agus ar an \u00e1itreabh tionscla\u00edochta ina thimpeall ar mhaithe le tionscadail dobharshaothraithe at\u00e1 stuama \u00f3 thaobh na heitice agus na h\u00e9iceola\u00edochta. Ar na togra\u00ed a saothra\u00edodh, \u00e1ir\u00edtear st\u00e1isi\u00fan taighde maidir le feirmeoireacht feamainne agus t\u00e1irge a chosna\u00edonn an bheach ar an bhf\u00edneog varr\u00f3 agus ar an v\u00edoras n\u00f3iseam\u00f3ise. Tugadh sa bhliain 2019 faoi thogra athch\u00f3iri\u00fach\u00e1in coillearnaigh a bhfuil de r\u00fan leis coill de chrainn d\u00fachais a chur san \u00e1it a bhfuil spr\u00fas Sitceach ina fhoraois. Beidh r\u00e9imse leathan seirbh\u00eds\u00ed \u00e9iceach\u00f3rais ar f\u00e1il d\u00e1 bharr sin maidir le bith\u00e9ags\u00falacht na coillearna\u00ed d\u00fachais chomh maith le tairbhe a dh\u00e9anamh do na sruthanna uisce sa cheantar m\u00e1guaird.<\/p>\n\n","protected":false},"excerpt":{"rendered":"<p>Stair T&aacute; Interface suite in ionad a t&oacute;gadh ina ghorlann brad&aacute;n ar dt&uacute;s i ndeireadh na 1980id&iacute;.Scott Tallon Walker&nbsp;na hailtir&iacute;&nbsp;a chuir Carrolls, an comhlacht tobac, ar coimisi&uacute;n leis an ngorlann brad&aacute;n ba nua-aimseartha ar domhan a leagan amach. Bh&iacute;odh gorlann uathoibr&iacute;och faoi smacht r&iacute;omhair&iacute;&nbsp;&aacute; rith ag an gcomhlacht sin agus brainl&iacute;n &aacute; sheoladh chuig feirmeoir&iacute; [&hellip;]<\/p>\n","protected":false},"author":1,"featured_media":0,"parent":5255,"menu_order":0,"comment_status":"closed","ping_status":"closed","template":"","meta":{"ocean_post_layout":"","ocean_both_sidebars_style":"","ocean_both_sidebars_content_width":0,"ocean_both_sidebars_sidebars_width":0,"ocean_sidebar":"0","ocean_second_sidebar":"0","ocean_disable_margins":"enable","ocean_add_body_class":"","ocean_shortcode_before_top_bar":"","ocean_shortcode_after_top_bar":"","ocean_shortcode_before_header":"","ocean_shortcode_after_header":"","ocean_has_shortcode":"","ocean_shortcode_after_title":"","ocean_shortcode_before_footer_widgets":"","ocean_shortcode_after_footer_widgets":"","ocean_shortcode_before_footer_bottom":"","ocean_shortcode_after_footer_bottom":"","ocean_display_top_bar":"default","ocean_display_header":"default","ocean_header_style":"","ocean_center_header_left_menu":"0","ocean_custom_header_template":"0","ocean_custom_logo":0,"ocean_custom_retina_logo":0,"ocean_custom_logo_max_width":0,"ocean_custom_logo_tablet_max_width":0,"ocean_custom_logo_mobile_max_width":0,"ocean_custom_logo_max_height":0,"ocean_custom_logo_tablet_max_height":0,"ocean_custom_logo_mobile_max_height":0,"ocean_header_custom_menu":"0","ocean_menu_typo_font_family":"0","ocean_menu_typo_font_subset":"","ocean_menu_typo_font_size":0,"ocean_menu_typo_font_size_tablet":0,"ocean_menu_typo_font_size_mobile":0,"ocean_menu_typo_font_size_unit":"px","ocean_menu_typo_font_weight":"","ocean_menu_typo_font_weight_tablet":"","ocean_menu_typo_font_weight_mobile":"","ocean_menu_typo_transform":"","ocean_menu_typo_transform_tablet":"","ocean_menu_typo_transform_mobile":"","ocean_menu_typo_line_height":0,"ocean_menu_typo_line_height_tablet":0,"ocean_menu_typo_line_height_mobile":0,"ocean_menu_typo_line_height_unit":"","ocean_menu_typo_spacing":0,"ocean_menu_typo_spacing_tablet":0,"ocean_menu_typo_spacing_mobile":0,"ocean_menu_typo_spacing_unit":"","ocean_menu_link_color":"","ocean_menu_link_color_hover":"","ocean_menu_link_color_active":"","ocean_menu_link_background":"","ocean_menu_link_hover_background":"","ocean_menu_link_active_background":"","ocean_menu_social_links_bg":"","ocean_menu_social_hover_links_bg":"","ocean_menu_social_links_color":"","ocean_menu_social_hover_links_color":"","ocean_disable_title":"default","ocean_disable_heading":"default","ocean_post_title":"","ocean_post_subheading":"","ocean_post_title_style":"background-image","ocean_post_title_background_color":"","ocean_post_title_background":750,"ocean_post_title_bg_image_position":"","ocean_post_title_bg_image_attachment":"","ocean_post_title_bg_image_repeat":"","ocean_post_title_bg_image_size":"","ocean_post_title_height":0,"ocean_post_title_bg_overlay":0.5,"ocean_post_title_bg_overlay_color":"","ocean_disable_breadcrumbs":"default","ocean_breadcrumbs_color":"","ocean_breadcrumbs_separator_color":"","ocean_breadcrumbs_links_color":"","ocean_breadcrumbs_links_hover_color":"","ocean_display_footer_widgets":"default","ocean_display_footer_bottom":"default","ocean_custom_footer_template":"0","footnotes":""},"class_list":["post-29","page","type-page","status-publish","hentry","entry"],"_links":{"self":[{"href":"https:\/\/interfaceinagh.com\/ga\/wp-json\/wp\/v2\/pages\/29","targetHints":{"allow":["GET"]}}],"collection":[{"href":"https:\/\/interfaceinagh.com\/ga\/wp-json\/wp\/v2\/pages"}],"about":[{"href":"https:\/\/interfaceinagh.com\/ga\/wp-json\/wp\/v2\/types\/page"}],"author":[{"embeddable":true,"href":"https:\/\/interfaceinagh.com\/ga\/wp-json\/wp\/v2\/users\/1"}],"replies":[{"embeddable":true,"href":"https:\/\/interfaceinagh.com\/ga\/wp-json\/wp\/v2\/comments?post=29"}],"version-history":[{"count":5,"href":"https:\/\/interfaceinagh.com\/ga\/wp-json\/wp\/v2\/pages\/29\/revisions"}],"predecessor-version":[{"id":5269,"href":"https:\/\/interfaceinagh.com\/ga\/wp-json\/wp\/v2\/pages\/29\/revisions\/5269"}],"up":[{"embeddable":true,"href":"https:\/\/interfaceinagh.com\/ga\/wp-json\/wp\/v2\/pages\/5255"}],"wp:attachment":[{"href":"https:\/\/interfaceinagh.com\/ga\/wp-json\/wp\/v2\/media?parent=29"}],"curies":[{"name":"wp","href":"https:\/\/api.w.org\/{rel}","templated":true}]}}