{"id":20,"date":"2021-01-13T12:31:43","date_gmt":"2021-01-13T12:31:43","guid":{"rendered":"https:\/\/interfaceinagh.com\/ga\/ga\/?page_id=20"},"modified":"2025-09-18T14:43:33","modified_gmt":"2025-09-18T14:43:33","slug":"iarratas","status":"publish","type":"page","link":"https:\/\/interfaceinagh.com\/ga\/iarratas\/","title":{"rendered":"Iarratas"},"content":{"rendered":"\n\n\t<h1>Iarratas<\/h1>\n<p>Le r\u00fan dream eala\u00edont\u00f3ir\u00ed\u00a0a choth\u00fa\u00a0i gConamara agus thart ar Chonamara, cuireann Interface sp\u00e1s oibre agus ard\u00e1n ar f\u00e1il d&#8217;eala\u00edont\u00f3ir\u00ed c\u00f3naitheacha agus do chomhalta\u00ed fadt\u00e9armacha, eala\u00edont\u00f3ir\u00ed, scr\u00edbhneoir\u00ed agus ceolt\u00f3ir\u00ed. Is f\u00e9idir cur isteach ar thr\u00e9imhse ch\u00f3naitheachta n\u00f3 ar chomhaltacht anseo.<\/p>\n\t\t\t<a href=\"https:\/\/interfaceinagh.com\/ga\/apply\/residency\/\" target=\"_self\">\n\t\t\t\t\t\t\tTr\u00e9imhse Ch\u00f3naitheachta\n\t\t\t\t\t<\/a>\n\t\t\t<a href=\"https:\/\/interfaceinagh.com\/product\/membership\/\" target=\"_self\">\n\t\t\t\t\t\t\tComhaltacht (EN)\n\t\t\t\t\t<\/a>\n\n","protected":false},"excerpt":{"rendered":"<p>Iarratas Le r&uacute;n dream eala&iacute;ont&oacute;ir&iacute;&nbsp;a choth&uacute;&nbsp;i gConamara agus thart ar Chonamara, cuireann Interface sp&aacute;s oibre agus ard&aacute;n ar f&aacute;il d&rsquo;eala&iacute;ont&oacute;ir&iacute; c&oacute;naitheacha agus do chomhalta&iacute; fadt&eacute;armacha, eala&iacute;ont&oacute;ir&iacute;, scr&iacute;bhneoir&iacute; agus ceolt&oacute;ir&iacute;. Is f&eacute;idir cur isteach ar thr&eacute;imhse ch&oacute;naitheachta n&oacute; ar chomhaltacht anseo. Tr&eacute;imhse Ch&oacute;naitheachta Comhaltacht (EN)<\/p>\n","protected":false},"author":1,"featured_media":0,"parent":0,"menu_order":0,"comment_status":"closed","ping_status":"closed","template":"","meta":{"ocean_post_layout":"","ocean_both_sidebars_style":"","ocean_both_sidebars_content_width":0,"ocean_both_sidebars_sidebars_width":0,"ocean_sidebar":"0","ocean_second_sidebar":"0","ocean_disable_margins":"enable","ocean_add_body_class":"","ocean_shortcode_before_top_bar":"","ocean_shortcode_after_top_bar":"","ocean_shortcode_before_header":"","ocean_shortcode_after_header":"","ocean_has_shortcode":"","ocean_shortcode_after_title":"","ocean_shortcode_before_footer_widgets":"","ocean_shortcode_after_footer_widgets":"","ocean_shortcode_before_footer_bottom":"","ocean_shortcode_after_footer_bottom":"","ocean_display_top_bar":"default","ocean_display_header":"default","ocean_header_style":"","ocean_center_header_left_menu":"0","ocean_custom_header_template":"0","ocean_custom_logo":0,"ocean_custom_retina_logo":0,"ocean_custom_logo_max_width":0,"ocean_custom_logo_tablet_max_width":0,"ocean_custom_logo_mobile_max_width":0,"ocean_custom_logo_max_height":0,"ocean_custom_logo_tablet_max_height":0,"ocean_custom_logo_mobile_max_height":0,"ocean_header_custom_menu":"0","ocean_menu_typo_font_family":"0","ocean_menu_typo_font_subset":"","ocean_menu_typo_font_size":0,"ocean_menu_typo_font_size_tablet":0,"ocean_menu_typo_font_size_mobile":0,"ocean_menu_typo_font_size_unit":"px","ocean_menu_typo_font_weight":"","ocean_menu_typo_font_weight_tablet":"","ocean_menu_typo_font_weight_mobile":"","ocean_menu_typo_transform":"","ocean_menu_typo_transform_tablet":"","ocean_menu_typo_transform_mobile":"","ocean_menu_typo_line_height":0,"ocean_menu_typo_line_height_tablet":0,"ocean_menu_typo_line_height_mobile":0,"ocean_menu_typo_line_height_unit":"","ocean_menu_typo_spacing":0,"ocean_menu_typo_spacing_tablet":0,"ocean_menu_typo_spacing_mobile":0,"ocean_menu_typo_spacing_unit":"","ocean_menu_link_color":"","ocean_menu_link_color_hover":"","ocean_menu_link_color_active":"","ocean_menu_link_background":"","ocean_menu_link_hover_background":"","ocean_menu_link_active_background":"","ocean_menu_social_links_bg":"","ocean_menu_social_hover_links_bg":"","ocean_menu_social_links_color":"","ocean_menu_social_hover_links_color":"","ocean_disable_title":"default","ocean_disable_heading":"default","ocean_post_title":"","ocean_post_subheading":"","ocean_post_title_style":"","ocean_post_title_background_color":"","ocean_post_title_background":0,"ocean_post_title_bg_image_position":"","ocean_post_title_bg_image_attachment":"","ocean_post_title_bg_image_repeat":"","ocean_post_title_bg_image_size":"","ocean_post_title_height":0,"ocean_post_title_bg_overlay":0.5,"ocean_post_title_bg_overlay_color":"","ocean_disable_breadcrumbs":"default","ocean_breadcrumbs_color":"","ocean_breadcrumbs_separator_color":"","ocean_breadcrumbs_links_color":"","ocean_breadcrumbs_links_hover_color":"","ocean_display_footer_widgets":"default","ocean_display_footer_bottom":"default","ocean_custom_footer_template":"0","footnotes":""},"class_list":["post-20","page","type-page","status-publish","hentry","entry"],"_links":{"self":[{"href":"https:\/\/interfaceinagh.com\/ga\/wp-json\/wp\/v2\/pages\/20","targetHints":{"allow":["GET"]}}],"collection":[{"href":"https:\/\/interfaceinagh.com\/ga\/wp-json\/wp\/v2\/pages"}],"about":[{"href":"https:\/\/interfaceinagh.com\/ga\/wp-json\/wp\/v2\/types\/page"}],"author":[{"embeddable":true,"href":"https:\/\/interfaceinagh.com\/ga\/wp-json\/wp\/v2\/users\/1"}],"replies":[{"embeddable":true,"href":"https:\/\/interfaceinagh.com\/ga\/wp-json\/wp\/v2\/comments?post=20"}],"version-history":[{"count":5,"href":"https:\/\/interfaceinagh.com\/ga\/wp-json\/wp\/v2\/pages\/20\/revisions"}],"predecessor-version":[{"id":5368,"href":"https:\/\/interfaceinagh.com\/ga\/wp-json\/wp\/v2\/pages\/20\/revisions\/5368"}],"wp:attachment":[{"href":"https:\/\/interfaceinagh.com\/ga\/wp-json\/wp\/v2\/media?parent=20"}],"curies":[{"name":"wp","href":"https:\/\/api.w.org\/{rel}","templated":true}]}}