{"id":18,"date":"2021-01-13T12:26:28","date_gmt":"2021-01-13T12:26:28","guid":{"rendered":"https:\/\/interfaceinagh.com\/ga\/ga\/?page_id=18"},"modified":"2025-09-09T09:21:10","modified_gmt":"2025-09-09T09:21:10","slug":"faoi-interface","status":"publish","type":"page","link":"https:\/\/interfaceinagh.com\/ga\/faoi\/faoi-interface\/","title":{"rendered":"Faoi Interface"},"content":{"rendered":"\r\n<h2>FAOI INTERFACE<\/h2>\r\n<p>Sti\u00faideo agus cl\u00e1r tr\u00e9imhs\u00ed\u00a0c\u00f3naitheachta do dhearceala\u00edont\u00f3ir\u00ed, do dhamhs\u00f3ir\u00ed, do scr\u00edbhneoir\u00ed agus do cheolt\u00f3ir\u00ed at\u00e1 i gceist le Interface at\u00e1 suite i nGleann Eidhneach i gceartl\u00e1r Chonamara. Is \u00e9 a chuirimid de mhisean romhainn deiseanna s\u00e1raitheacha a chur ar f\u00e1il d&#8217;eala\u00edont\u00f3ir\u00ed ionas go bhf\u00e9adann siad a gcuid oibre a shaothr\u00fa\u00a0agus oibri\u00fa le daoine eile tr\u00ed\u00a0ard\u00e1n faoi leith lena nd\u00e9antar c\u00edoradh ar na r\u00e9ims\u00ed trasna\u00edola idir taighde eola\u00edochta agus an eala\u00edon.<\/p>\r\n<p>T\u00e1 an sti\u00faideo suite in aon \u00e1itreabh le hIontaobhas Ghleann Eidhneach a chuireann tionscadail nu\u00e1la\u00edochta maidir le taighde eola\u00edochta chun cinn sa\u00a0<a href=\"https:\/\/www.google.ie\/maps\/place\/Lough+Inagh\/%4053.4701431,-9.7650356,519m\/data=%213m1%211e3%214m5%213m4%211s0x485a327f267117f9:0x8355ed0d49b9e21f%218m2%213d53.512475%214d-9.7395482\">Gleann Eidhneach<\/a>. Tugann Interface deis d&#8217;eala\u00edont\u00f3ir\u00ed\u00a0dul i ngleic le timpeallacht ar leith agus spreagadh a fh\u00e1il \u00f3n taighde sp\u00e9isi\u00fail at\u00e1 ar si\u00fal sa taobh t\u00edre sceirdi\u00fail.<\/p>\r\n<p>Mar ghorlann brad\u00e1n a t\u00f3gadh an t-ionad ar dt\u00fas i ndeireadh na 1980id\u00ed.<a href=\"http:\/\/www.stwarchitects.com\/\">Scott Tallon Walker<\/a>\u00a0na hailtir\u00ed\u00a0a chuir Carrolls, an comhlacht tobac, ar coimisi\u00fan leis an ngorlann brad\u00e1n ba nua-aimseartha ar domhan a leagan amach. Bh\u00edodh gorlann uathoibr\u00edoch faoi smacht r\u00edomhair\u00ed\u00a0\u00e1 rith ag an gcomhlacht sin agus brainl\u00edn \u00e1 sheoladh chuig feirmeoir\u00ed brad\u00e1n amach \u00f3n gc\u00f3sta ar h\u00e9ileacaptar. Is \u00e9 a chuaigh in aghaidh an ghn\u00f3\u00a0sa deireadh go raibh an mhonarcha r\u00f3chrochta os cionn an locha agus go raibh athshruthl\u00fa\u00a0an uisce r\u00f3chostasach d\u00e1 bharr. Cheannaigh na h\u00fain\u00e9ir\u00ed reatha an t-ionad sa bhliain 2007 d&#8217;fhonn ionad taighde agus forbartha eola\u00edochta a thabhairt chun cinn ann.<\/p>\r\n<p>Idir coic\u00eds agus ceithre seachtaine a bh\u00edonn sna tr\u00e9imhs\u00ed\u00a0c\u00f3naitheachta. Cuirtear sp\u00e1s sti\u00faideo agus l\u00f3ist\u00edn ar f\u00e1il don eala\u00edont\u00f3ir c\u00f3naitheach.\u00a0<strong>N\u00edl an socr\u00fa c\u00f3naitheachta seo c\u00f3iri\u00fail do leana\u00ed.<\/strong><\/p>\r\n<p>Tairgtear l\u00f3ist\u00edn le dreamanna \u00e9ags\u00fala ar an gCloch\u00e1n, i Leitir Fraic n\u00f3\u00a0i Maigh Ard.\u00a0<strong>Is oth linn gur amhlaidh an c\u00e1s ach n\u00ed bh\u00edonn iompar poibl\u00ed ar f\u00e1il go minic i gConamara agus t\u00e1 na b\u00f3ithre cont\u00fairteach. Is den bhunriachtanas go mbeadh cead\u00fanas tiom\u00e1na agus \u00fas\u00e1id cairr ag an eala\u00edont\u00f3ir.<\/strong>\u00a0 Pl\u00e9igh sin linn, le do thoil, m\u00e1s rud \u00e9 go mbeadh ort leas a bhaint as. D\u00e9anann\u00a0<a href=\"http:\/\/www.alannahrobins.com\/\">Alannah Robins\u00a0<\/a>, dearceala\u00edont\u00f3ir agus ceolt\u00f3ir an obair comhord\u00fach\u00e1in maidir le Interface in \u00e9ineacht le Emma O&#8217;Flaherty, bainisteoir cl\u00e1ir, agus John Durning, oifigeach comhchaidrimh phoibl\u00ed.<\/p>\r\n","protected":false},"excerpt":{"rendered":"<p>FAOI INTERFACE Sti&uacute;ideo agus cl&aacute;r tr&eacute;imhs&iacute;&nbsp;c&oacute;naitheachta do dhearceala&iacute;ont&oacute;ir&iacute;, do dhamhs&oacute;ir&iacute;, do scr&iacute;bhneoir&iacute; agus do cheolt&oacute;ir&iacute; at&aacute; i gceist le Interface at&aacute; suite i nGleann Eidhneach i gceartl&aacute;r Chonamara. Is &eacute; a chuirimid de mhisean romhainn deiseanna s&aacute;raitheacha a chur ar f&aacute;il d&rsquo;eala&iacute;ont&oacute;ir&iacute; ionas go bhf&eacute;adann siad a gcuid oibre a shaothr&uacute;&nbsp;agus oibri&uacute; le daoine eile [&hellip;]<\/p>\n","protected":false},"author":1,"featured_media":0,"parent":5255,"menu_order":0,"comment_status":"closed","ping_status":"closed","template":"","meta":{"ocean_post_layout":"","ocean_both_sidebars_style":"","ocean_both_sidebars_content_width":0,"ocean_both_sidebars_sidebars_width":0,"ocean_sidebar":"0","ocean_second_sidebar":"0","ocean_disable_margins":"enable","ocean_add_body_class":"","ocean_shortcode_before_top_bar":"","ocean_shortcode_after_top_bar":"","ocean_shortcode_before_header":"","ocean_shortcode_after_header":"","ocean_has_shortcode":"","ocean_shortcode_after_title":"","ocean_shortcode_before_footer_widgets":"","ocean_shortcode_after_footer_widgets":"","ocean_shortcode_before_footer_bottom":"","ocean_shortcode_after_footer_bottom":"","ocean_display_top_bar":"default","ocean_display_header":"default","ocean_header_style":"","ocean_center_header_left_menu":"0","ocean_custom_header_template":"0","ocean_custom_logo":0,"ocean_custom_retina_logo":0,"ocean_custom_logo_max_width":0,"ocean_custom_logo_tablet_max_width":0,"ocean_custom_logo_mobile_max_width":0,"ocean_custom_logo_max_height":0,"ocean_custom_logo_tablet_max_height":0,"ocean_custom_logo_mobile_max_height":0,"ocean_header_custom_menu":"0","ocean_menu_typo_font_family":"0","ocean_menu_typo_font_subset":"","ocean_menu_typo_font_size":0,"ocean_menu_typo_font_size_tablet":0,"ocean_menu_typo_font_size_mobile":0,"ocean_menu_typo_font_size_unit":"px","ocean_menu_typo_font_weight":"","ocean_menu_typo_font_weight_tablet":"","ocean_menu_typo_font_weight_mobile":"","ocean_menu_typo_transform":"","ocean_menu_typo_transform_tablet":"","ocean_menu_typo_transform_mobile":"","ocean_menu_typo_line_height":0,"ocean_menu_typo_line_height_tablet":0,"ocean_menu_typo_line_height_mobile":0,"ocean_menu_typo_line_height_unit":"","ocean_menu_typo_spacing":0,"ocean_menu_typo_spacing_tablet":0,"ocean_menu_typo_spacing_mobile":0,"ocean_menu_typo_spacing_unit":"","ocean_menu_link_color":"","ocean_menu_link_color_hover":"","ocean_menu_link_color_active":"","ocean_menu_link_background":"","ocean_menu_link_hover_background":"","ocean_menu_link_active_background":"","ocean_menu_social_links_bg":"","ocean_menu_social_hover_links_bg":"","ocean_menu_social_links_color":"","ocean_menu_social_hover_links_color":"","ocean_disable_title":"default","ocean_disable_heading":"default","ocean_post_title":"","ocean_post_subheading":"","ocean_post_title_style":"","ocean_post_title_background_color":"","ocean_post_title_background":0,"ocean_post_title_bg_image_position":"","ocean_post_title_bg_image_attachment":"","ocean_post_title_bg_image_repeat":"","ocean_post_title_bg_image_size":"","ocean_post_title_height":0,"ocean_post_title_bg_overlay":0.5,"ocean_post_title_bg_overlay_color":"","ocean_disable_breadcrumbs":"default","ocean_breadcrumbs_color":"","ocean_breadcrumbs_separator_color":"","ocean_breadcrumbs_links_color":"","ocean_breadcrumbs_links_hover_color":"","ocean_display_footer_widgets":"default","ocean_display_footer_bottom":"default","ocean_custom_footer_template":"0","footnotes":""},"class_list":["post-18","page","type-page","status-publish","hentry","entry"],"_links":{"self":[{"href":"https:\/\/interfaceinagh.com\/ga\/wp-json\/wp\/v2\/pages\/18","targetHints":{"allow":["GET"]}}],"collection":[{"href":"https:\/\/interfaceinagh.com\/ga\/wp-json\/wp\/v2\/pages"}],"about":[{"href":"https:\/\/interfaceinagh.com\/ga\/wp-json\/wp\/v2\/types\/page"}],"author":[{"embeddable":true,"href":"https:\/\/interfaceinagh.com\/ga\/wp-json\/wp\/v2\/users\/1"}],"replies":[{"embeddable":true,"href":"https:\/\/interfaceinagh.com\/ga\/wp-json\/wp\/v2\/comments?post=18"}],"version-history":[{"count":5,"href":"https:\/\/interfaceinagh.com\/ga\/wp-json\/wp\/v2\/pages\/18\/revisions"}],"predecessor-version":[{"id":5244,"href":"https:\/\/interfaceinagh.com\/ga\/wp-json\/wp\/v2\/pages\/18\/revisions\/5244"}],"up":[{"embeddable":true,"href":"https:\/\/interfaceinagh.com\/ga\/wp-json\/wp\/v2\/pages\/5255"}],"wp:attachment":[{"href":"https:\/\/interfaceinagh.com\/ga\/wp-json\/wp\/v2\/media?parent=18"}],"curies":[{"name":"wp","href":"https:\/\/api.w.org\/{rel}","templated":true}]}}